{"id":146909,"date":"2025-11-27T01:41:07","date_gmt":"2025-11-27T01:41:07","guid":{"rendered":"https:\/\/cmrra.ca\/?page_id=146909"},"modified":"2025-11-27T01:47:49","modified_gmt":"2025-11-27T01:47:49","slug":"gouvernance","status":"publish","type":"page","link":"https:\/\/cmrra.ca\/fr\/a-propos-de-nous\/gouvernance\/","title":{"rendered":"Gouvernance"},"content":{"rendered":"<div class=\"wpb-content-wrapper\"><p>[vc_row row_height_percent=\u00a0\u00bb0&Prime; override_padding=\u00a0\u00bbyes\u00a0\u00bb h_padding=\u00a0\u00bb2&Prime; top_padding=\u00a0\u00bb2&Prime; bottom_padding=\u00a0\u00bb5&Prime; back_color=\u00a0\u00bbcolor-lxmt\u00a0\u00bb overlay_alpha=\u00a0\u00bb50&Prime; gutter_size=\u00a0\u00bb3&Prime; column_width_percent=\u00a0\u00bb100&Prime; shift_y=\u00a0\u00bb0&Prime; z_index=\u00a0\u00bb0&Prime; content_parallax=\u00a0\u00bb0&Prime; uncode_shortcode_id=\u00a0\u00bb200050&Prime; back_color_type=\u00a0\u00bbuncode-palette\u00a0\u00bb][vc_column width=\u00a0\u00bb1\/1&Prime;][vc_empty_space][vc_custom_heading heading_semantic=\u00a0\u00bbh6&Prime; text_size=\u00a0\u00bbfontsize-160000&Prime; text_transform=\u00a0\u00bbuppercase\u00a0\u00bb text_space=\u00a0\u00bbfontspace-135905&Prime; uncode_shortcode_id=\u00a0\u00bb706647&Prime;]Gouvernance[\/vc_custom_heading][vc_custom_heading text_font=\u00a0\u00bbfont-136269&Prime; text_weight=\u00a0\u00bb700&Prime; uncode_shortcode_id=\u00a0\u00bb108474&Prime;]La CMRRA et le Comit\u00e9 des \u00e9diteurs canadiens[\/vc_custom_heading][vc_column_text uncode_shortcode_id=\u00a0\u00bb132526&Prime;]<span style=\"font-weight: 400;\">Le Comit\u00e9 des \u00e9diteurs canadiens (CPC) a \u00e9t\u00e9 cr\u00e9\u00e9 afin de d\u00e9fendre les int\u00e9r\u00eats des \u00e9diteurs de musique du Canada. Il guide activement les activit\u00e9s de d\u00e9fense des droits, l\u2019\u00e9tablissement des tarifs et des taux au Canada en plus de veiller \u00e0 ce que la CMRRA continue d\u2019obtenir certains des taux de redevances les plus \u00e9lev\u00e9s du monde, ce qui profite \u00e0 tous ses clients \u00e9diteurs de musique.<\/span><\/p>\n<p><span style=\"font-weight: 400;\">Les membres du CPC sont nomm\u00e9s par le conseil d\u2019administration des \u00c9diteurs de musique au Canada (<\/span><a href=\"https:\/\/www.musicpublishing.ca\/\"><span style=\"font-weight: 400;\">MPC<\/span><\/a><span style=\"font-weight: 400;\">). Le MPC est un organisme associatif fond\u00e9 en 1949 qui veille \u00e0 ce que les \u00e9diteurs de musique travaillant au pays puissent faire entendre leur voix. Il a pour mission de cr\u00e9er des occasions d\u2019affaires pour ses membres et de promouvoir leurs int\u00e9r\u00eats et ceux de leurs partenaires compositeurs par le truchement de la d\u00e9fense des droits, de la communication et de l\u2019\u00e9ducation. Le conseil est compos\u00e9 des membres suivants\u00a0:<\/span>[\/vc_column_text][vc_empty_space][vc_row_inner row_inner_height_percent=\u00a0\u00bb0&Prime; overlay_alpha=\u00a0\u00bb50&Prime; equal_height=\u00a0\u00bbyes\u00a0\u00bb gutter_size=\u00a0\u00bb3&Prime; shift_y=\u00a0\u00bb0&Prime; z_index=\u00a0\u00bb0&Prime; uncode_shortcode_id=\u00a0\u00bb153658&Prime; limit_content=\u00a0\u00bb\u00a0\u00bb][vc_column_inner column_width_percent=\u00a0\u00bb100&Prime; gutter_size=\u00a0\u00bb3&Prime; overlay_alpha=\u00a0\u00bb50&Prime; shift_x=\u00a0\u00bb0&Prime; shift_y=\u00a0\u00bb0&Prime; shift_y_down=\u00a0\u00bb0&Prime; z_index=\u00a0\u00bb0&Prime; medium_width=\u00a0\u00bb0&Prime; mobile_width=\u00a0\u00bb0&Prime; width=\u00a0\u00bb1\/2&Prime; uncode_shortcode_id=\u00a0\u00bb815705&Prime;][vc_column_text text_lead=\u00a0\u00bbsmall\u00a0\u00bb uncode_shortcode_id=\u00a0\u00bb117736&Prime;]<span style=\"font-weight: 400;\">Pr\u00e9sident du conseil<\/span><\/p>\n<h4><strong>Neville Quinlan<\/strong><\/h4>\n<p><strong><em style=\"font-size: 13px; color: #d4af35;\">peermusic Canada<\/em><\/strong>[\/vc_column_text][\/vc_column_inner][vc_column_inner width=\u00a0\u00bb1\/2&Prime;][vc_column_text text_lead=\u00a0\u00bbsmall\u00a0\u00bb uncode_shortcode_id=\u00a0\u00bb591332&Prime;]<span style=\"font-weight: 400;\">Membres du conseil<\/span><\/p>\n<h4><strong>Jodie Ferneyhough<\/strong><\/h4>\n<p><strong><em style=\"font-size: 13px; color: #d4af35;\">CCS Rights Management<br \/>\nDaytripper Music Publishing<\/em><\/strong>[\/vc_column_text][\/vc_column_inner][\/vc_row_inner][vc_empty_space][vc_row_inner limit_content=\u00a0\u00bb\u00a0\u00bb][vc_column_inner width=\u00a0\u00bb1\/2&Prime;][vc_column_text text_lead=\u00a0\u00bbsmall\u00a0\u00bb uncode_shortcode_id=\u00a0\u00bb704666&Prime;]<span style=\"font-weight: 400;\">Membres du conseil<\/span><\/p>\n<h4><strong>Jeff Brabec<\/strong><\/h4>\n<p><strong><em style=\"font-size: 13px; color: #d4af35;\">BMG<\/em><\/strong>[\/vc_column_text][\/vc_column_inner][vc_column_inner width=\u00a0\u00bb1\/2&Prime;][vc_column_text text_lead=\u00a0\u00bbsmall\u00a0\u00bb uncode_shortcode_id=\u00a0\u00bb786331&Prime;]<span style=\"font-weight: 400;\">Membres du conseil<\/span><\/p>\n<h4><strong> Michael Abitbol<\/strong><\/h4>\n<p><strong><em style=\"font-size: 13px; color: #d4af35;\">Sony Music Publishing<\/em><\/strong>[\/vc_column_text][\/vc_column_inner][\/vc_row_inner][vc_empty_space][vc_row_inner limit_content=\u00a0\u00bb\u00a0\u00bb][vc_column_inner width=\u00a0\u00bb1\/2&Prime;][vc_column_text text_lead=\u00a0\u00bbsmall\u00a0\u00bb uncode_shortcode_id=\u00a0\u00bb292286&Prime;]<span style=\"font-weight: 400;\">Membres du conseil<\/span><\/p>\n<h4><strong>Sal Fazzari<\/strong><\/h4>\n<p><strong><em style=\"font-size: 13px; color: #d4af35;\">Anthem Entertainment<\/em><\/strong>[\/vc_column_text][\/vc_column_inner][vc_column_inner width=\u00a0\u00bb1\/2&Prime;][vc_column_text text_lead=\u00a0\u00bbsmall\u00a0\u00bb uncode_shortcode_id=\u00a0\u00bb133685&Prime;]<span style=\"font-weight: 400;\">Membres du conseil<\/span><\/p>\n<h4><strong>Odette Lindsay<\/strong><\/h4>\n<p><strong><em style=\"font-size: 13px; color: #d4af35;\">Red Brick Songs<\/em><\/strong>[\/vc_column_text][\/vc_column_inner][\/vc_row_inner][vc_empty_space][vc_row_inner limit_content=\u00a0\u00bb\u00a0\u00bb][vc_column_inner width=\u00a0\u00bb1\/2&Prime;][vc_column_text text_lead=\u00a0\u00bbsmall\u00a0\u00bb uncode_shortcode_id=\u00a0\u00bb118010&Prime;]<span style=\"font-weight: 400;\">Membres du conseil<\/span><\/p>\n<h4><strong>Guillaume Lafrance<\/strong><\/h4>\n<p><strong><em style=\"font-size: 13px; color: #d4af35;\">Editorial Avenue<\/em><\/strong>[\/vc_column_text][\/vc_column_inner][vc_column_inner width=\u00a0\u00bb1\/2&Prime;][vc_column_text text_lead=\u00a0\u00bbsmall\u00a0\u00bb uncode_shortcode_id=\u00a0\u00bb177909&Prime;]<span style=\"font-weight: 400;\">Membres du conseil<\/span><\/p>\n<h4><strong>Stephen Dallas<\/strong><\/h4>\n<p><strong><em style=\"font-size: 13px; color: #d4af35;\">Universal Music Publishing Group<\/em><\/strong>[\/vc_column_text][\/vc_column_inner][\/vc_row_inner][vc_empty_space][vc_row_inner limit_content=\u00a0\u00bb\u00a0\u00bb][vc_column_inner width=\u00a0\u00bb1\/2&Prime;][vc_column_text text_lead=\u00a0\u00bbsmall\u00a0\u00bb uncode_shortcode_id=\u00a0\u00bb179175&Prime;]<span style=\"font-weight: 400;\">Membres du conseil<\/span><\/p>\n<h4><strong> Jim Selby<\/strong><\/h4>\n<p><strong><em style=\"font-size: 13px; color: #d4af35;\">Concord<\/em><\/strong>[\/vc_column_text][\/vc_column_inner][vc_column_inner width=\u00a0\u00bb1\/2&Prime;][vc_column_text text_lead=\u00a0\u00bbsmall\u00a0\u00bb uncode_shortcode_id=\u00a0\u00bb150913&Prime;]<span style=\"font-weight: 400;\">Membres du conseil<\/span><\/p>\n<h4><strong>Rell Lafargue<\/strong><\/h4>\n<p><strong><em style=\"font-size: 13px; color: #d4af35;\">Reservoir Media<\/em><\/strong>[\/vc_column_text][\/vc_column_inner][\/vc_row_inner][vc_empty_space][vc_row_inner limit_content=\u00a0\u00bb\u00a0\u00bb][vc_column_inner width=\u00a0\u00bb1\/2&Prime;][vc_column_text text_lead=\u00a0\u00bbsmall\u00a0\u00bb uncode_shortcode_id=\u00a0\u00bb629937&Prime;]<span style=\"font-weight: 400;\">Membres du conseil<\/span><\/p>\n<h4><strong> Margaret McGuffin <span style=\"font-weight: 400;\">(sans droit de vote)<\/span><\/strong><\/h4>\n<p><strong><em style=\"font-size: 13px; color: #d4af35;\">Music Publishers Canada<\/em><\/strong>[\/vc_column_text][\/vc_column_inner][vc_column_inner width=\u00a0\u00bb1\/2&Prime;][vc_column_text text_lead=\u00a0\u00bbsmall\u00a0\u00bb uncode_shortcode_id=\u00a0\u00bb185346&Prime;]<span style=\"font-weight: 400;\">Membres du conseil<\/span><\/p>\n<h4><strong>Natalie Madaj<\/strong><\/h4>\n<p><strong><em style=\"font-size: 13px; color: #d4af35;\">Warner Chappell Music<\/em><\/strong>[\/vc_column_text][\/vc_column_inner][\/vc_row_inner][\/vc_column][\/vc_row]<\/p>\n<\/div>","protected":false},"excerpt":{"rendered":"<p>[vc_row row_height_percent=\u00a0\u00bb0&Prime; override_padding=\u00a0\u00bbyes\u00a0\u00bb h_padding=\u00a0\u00bb2&Prime; top_padding=\u00a0\u00bb2&Prime; bottom_padding=\u00a0\u00bb5&Prime; back_color=\u00a0\u00bbcolor-lxmt\u00a0\u00bb overlay_alpha=\u00a0\u00bb50&Prime; gutter_size=\u00a0\u00bb3&Prime; column_width_percent=\u00a0\u00bb100&Prime; shift_y=\u00a0\u00bb0&Prime; z_index=\u00a0\u00bb0&Prime; content_parallax=\u00a0\u00bb0&Prime; uncode_shortcode_id=\u00a0\u00bb200050&Prime; back_color_type=\u00a0\u00bbuncode-palette\u00a0\u00bb][vc_column width=\u00a0\u00bb1\/1&Prime;][vc_empty_space][vc_custom_heading heading_semantic=\u00a0\u00bbh6&Prime; text_size=\u00a0\u00bbfontsize-160000&Prime; text_transform=\u00a0\u00bbuppercase\u00a0\u00bb text_space=\u00a0\u00bbfontspace-135905&Prime; [&hellip;]<\/p>\n","protected":false},"author":5,"featured_media":0,"parent":146874,"menu_order":0,"comment_status":"closed","ping_status":"closed","template":"","meta":{"footnotes":""},"class_list":["post-146909","page","type-page","status-publish","hentry"],"yoast_head":"<!-- This site is optimized with the Yoast SEO plugin v26.8 - https:\/\/yoast.com\/product\/yoast-seo-wordpress\/ -->\n<title>Gouvernance - CMRRA<\/title>\n<meta name=\"robots\" content=\"index, follow, max-snippet:-1, max-image-preview:large, max-video-preview:-1\" \/>\n<link rel=\"canonical\" href=\"https:\/\/cmrra.ca\/fr\/a-propos-de-nous\/gouvernance\/\" \/>\n<meta property=\"og:locale\" content=\"fr_FR\" \/>\n<meta property=\"og:type\" content=\"article\" \/>\n<meta property=\"og:title\" content=\"Gouvernance - CMRRA\" \/>\n<meta property=\"og:description\" content=\"[vc_row row_height_percent=\u00a0\u00bb0&Prime; override_padding=\u00a0\u00bbyes\u00a0\u00bb h_padding=\u00a0\u00bb2&Prime; top_padding=\u00a0\u00bb2&Prime; bottom_padding=\u00a0\u00bb5&Prime; back_color=\u00a0\u00bbcolor-lxmt\u00a0\u00bb overlay_alpha=\u00a0\u00bb50&Prime; gutter_size=\u00a0\u00bb3&Prime; column_width_percent=\u00a0\u00bb100&Prime; shift_y=\u00a0\u00bb0&Prime; z_index=\u00a0\u00bb0&Prime; content_parallax=\u00a0\u00bb0&Prime; uncode_shortcode_id=\u00a0\u00bb200050&Prime; back_color_type=\u00a0\u00bbuncode-palette\u00a0\u00bb][vc_column width=\u00a0\u00bb1\/1&Prime;][vc_empty_space][vc_custom_heading heading_semantic=\u00a0\u00bbh6&Prime; text_size=\u00a0\u00bbfontsize-160000&Prime; text_transform=\u00a0\u00bbuppercase\u00a0\u00bb text_space=\u00a0\u00bbfontspace-135905&Prime; [&hellip;]\" \/>\n<meta property=\"og:url\" content=\"https:\/\/cmrra.ca\/fr\/a-propos-de-nous\/gouvernance\/\" \/>\n<meta property=\"og:site_name\" content=\"CMRRA\" \/>\n<meta property=\"article:publisher\" content=\"https:\/\/www.facebook.com\/CMRRA\/\" \/>\n<meta property=\"article:modified_time\" content=\"2025-11-27T01:47:49+00:00\" \/>\n<meta name=\"twitter:card\" content=\"summary_large_image\" \/>\n<meta name=\"twitter:label1\" content=\"Est. reading time\" \/>\n\t<meta name=\"twitter:data1\" content=\"2 minutes\" \/>\n<script type=\"application\/ld+json\" class=\"yoast-schema-graph\">{\"@context\":\"https:\/\/schema.org\",\"@graph\":[{\"@type\":\"WebPage\",\"@id\":\"https:\/\/cmrra.ca\/fr\/a-propos-de-nous\/gouvernance\/\",\"url\":\"https:\/\/cmrra.ca\/fr\/a-propos-de-nous\/gouvernance\/\",\"name\":\"Gouvernance - CMRRA\",\"isPartOf\":{\"@id\":\"https:\/\/cmrra.ca\/fr\/#website\"},\"datePublished\":\"2025-11-27T01:41:07+00:00\",\"dateModified\":\"2025-11-27T01:47:49+00:00\",\"breadcrumb\":{\"@id\":\"https:\/\/cmrra.ca\/fr\/a-propos-de-nous\/gouvernance\/#breadcrumb\"},\"inLanguage\":\"fr-FR\",\"potentialAction\":[{\"@type\":\"ReadAction\",\"target\":[\"https:\/\/cmrra.ca\/fr\/a-propos-de-nous\/gouvernance\/\"]}]},{\"@type\":\"BreadcrumbList\",\"@id\":\"https:\/\/cmrra.ca\/fr\/a-propos-de-nous\/gouvernance\/#breadcrumb\",\"itemListElement\":[{\"@type\":\"ListItem\",\"position\":1,\"name\":\"Home\",\"item\":\"https:\/\/www.cmrra.ca\/fr\/\"},{\"@type\":\"ListItem\",\"position\":2,\"name\":\"\u00c0 propos de nous\",\"item\":\"https:\/\/cmrra.ca\/fr\/about\/\"},{\"@type\":\"ListItem\",\"position\":3,\"name\":\"Gouvernance\"}]},{\"@type\":\"WebSite\",\"@id\":\"https:\/\/cmrra.ca\/fr\/#website\",\"url\":\"https:\/\/cmrra.ca\/fr\/\",\"name\":\"CMRRA\",\"description\":\"Canadian Music Reproduction Rights Agency\",\"publisher\":{\"@id\":\"https:\/\/cmrra.ca\/fr\/#organization\"},\"potentialAction\":[{\"@type\":\"SearchAction\",\"target\":{\"@type\":\"EntryPoint\",\"urlTemplate\":\"https:\/\/cmrra.ca\/fr\/?s={search_term_string}\"},\"query-input\":{\"@type\":\"PropertyValueSpecification\",\"valueRequired\":true,\"valueName\":\"search_term_string\"}}],\"inLanguage\":\"fr-FR\"},{\"@type\":\"Organization\",\"@id\":\"https:\/\/cmrra.ca\/fr\/#organization\",\"name\":\"Canadian Musical Reproduction Rights Agency\",\"url\":\"https:\/\/cmrra.ca\/fr\/\",\"logo\":{\"@type\":\"ImageObject\",\"inLanguage\":\"fr-FR\",\"@id\":\"https:\/\/cmrra.ca\/fr\/#\/schema\/logo\/image\/\",\"url\":\"https:\/\/ffb593fef5b9e79625346b2de7667ac0\/wp-content\/uploads\/2025\/12\/cmrra-logo-50th-square.jpg\",\"contentUrl\":\"https:\/\/ffb593fef5b9e79625346b2de7667ac0\/wp-content\/uploads\/2025\/12\/cmrra-logo-50th-square.jpg\",\"width\":696,\"height\":696,\"caption\":\"Canadian Musical Reproduction Rights Agency\"},\"image\":{\"@id\":\"https:\/\/cmrra.ca\/fr\/#\/schema\/logo\/image\/\"},\"sameAs\":[\"https:\/\/www.facebook.com\/CMRRA\/\"]}]}<\/script>\n<!-- \/ Yoast SEO plugin. -->","yoast_head_json":{"title":"Gouvernance - CMRRA","robots":{"index":"index","follow":"follow","max-snippet":"max-snippet:-1","max-image-preview":"max-image-preview:large","max-video-preview":"max-video-preview:-1"},"canonical":"https:\/\/cmrra.ca\/fr\/a-propos-de-nous\/gouvernance\/","og_locale":"fr_FR","og_type":"article","og_title":"Gouvernance - CMRRA","og_description":"[vc_row row_height_percent=\u00a0\u00bb0&Prime; override_padding=\u00a0\u00bbyes\u00a0\u00bb h_padding=\u00a0\u00bb2&Prime; top_padding=\u00a0\u00bb2&Prime; bottom_padding=\u00a0\u00bb5&Prime; back_color=\u00a0\u00bbcolor-lxmt\u00a0\u00bb overlay_alpha=\u00a0\u00bb50&Prime; gutter_size=\u00a0\u00bb3&Prime; column_width_percent=\u00a0\u00bb100&Prime; shift_y=\u00a0\u00bb0&Prime; z_index=\u00a0\u00bb0&Prime; content_parallax=\u00a0\u00bb0&Prime; uncode_shortcode_id=\u00a0\u00bb200050&Prime; back_color_type=\u00a0\u00bbuncode-palette\u00a0\u00bb][vc_column width=\u00a0\u00bb1\/1&Prime;][vc_empty_space][vc_custom_heading heading_semantic=\u00a0\u00bbh6&Prime; text_size=\u00a0\u00bbfontsize-160000&Prime; text_transform=\u00a0\u00bbuppercase\u00a0\u00bb text_space=\u00a0\u00bbfontspace-135905&Prime; [&hellip;]","og_url":"https:\/\/cmrra.ca\/fr\/a-propos-de-nous\/gouvernance\/","og_site_name":"CMRRA","article_publisher":"https:\/\/www.facebook.com\/CMRRA\/","article_modified_time":"2025-11-27T01:47:49+00:00","twitter_card":"summary_large_image","twitter_misc":{"Est. reading time":"2 minutes"},"schema":{"@context":"https:\/\/schema.org","@graph":[{"@type":"WebPage","@id":"https:\/\/cmrra.ca\/fr\/a-propos-de-nous\/gouvernance\/","url":"https:\/\/cmrra.ca\/fr\/a-propos-de-nous\/gouvernance\/","name":"Gouvernance - CMRRA","isPartOf":{"@id":"https:\/\/cmrra.ca\/fr\/#website"},"datePublished":"2025-11-27T01:41:07+00:00","dateModified":"2025-11-27T01:47:49+00:00","breadcrumb":{"@id":"https:\/\/cmrra.ca\/fr\/a-propos-de-nous\/gouvernance\/#breadcrumb"},"inLanguage":"fr-FR","potentialAction":[{"@type":"ReadAction","target":["https:\/\/cmrra.ca\/fr\/a-propos-de-nous\/gouvernance\/"]}]},{"@type":"BreadcrumbList","@id":"https:\/\/cmrra.ca\/fr\/a-propos-de-nous\/gouvernance\/#breadcrumb","itemListElement":[{"@type":"ListItem","position":1,"name":"Home","item":"https:\/\/www.cmrra.ca\/fr\/"},{"@type":"ListItem","position":2,"name":"\u00c0 propos de nous","item":"https:\/\/cmrra.ca\/fr\/about\/"},{"@type":"ListItem","position":3,"name":"Gouvernance"}]},{"@type":"WebSite","@id":"https:\/\/cmrra.ca\/fr\/#website","url":"https:\/\/cmrra.ca\/fr\/","name":"CMRRA","description":"Canadian Music Reproduction Rights Agency","publisher":{"@id":"https:\/\/cmrra.ca\/fr\/#organization"},"potentialAction":[{"@type":"SearchAction","target":{"@type":"EntryPoint","urlTemplate":"https:\/\/cmrra.ca\/fr\/?s={search_term_string}"},"query-input":{"@type":"PropertyValueSpecification","valueRequired":true,"valueName":"search_term_string"}}],"inLanguage":"fr-FR"},{"@type":"Organization","@id":"https:\/\/cmrra.ca\/fr\/#organization","name":"Canadian Musical Reproduction Rights Agency","url":"https:\/\/cmrra.ca\/fr\/","logo":{"@type":"ImageObject","inLanguage":"fr-FR","@id":"https:\/\/cmrra.ca\/fr\/#\/schema\/logo\/image\/","url":"https:\/\/ffb593fef5b9e79625346b2de7667ac0\/wp-content\/uploads\/2025\/12\/cmrra-logo-50th-square.jpg","contentUrl":"https:\/\/ffb593fef5b9e79625346b2de7667ac0\/wp-content\/uploads\/2025\/12\/cmrra-logo-50th-square.jpg","width":696,"height":696,"caption":"Canadian Musical Reproduction Rights Agency"},"image":{"@id":"https:\/\/cmrra.ca\/fr\/#\/schema\/logo\/image\/"},"sameAs":["https:\/\/www.facebook.com\/CMRRA\/"]}]}},"featured_image_src":null,"featured_image_src_square":null,"_links":{"self":[{"href":"https:\/\/cmrra.ca\/fr\/wp-json\/wp\/v2\/pages\/146909","targetHints":{"allow":["GET"]}}],"collection":[{"href":"https:\/\/cmrra.ca\/fr\/wp-json\/wp\/v2\/pages"}],"about":[{"href":"https:\/\/cmrra.ca\/fr\/wp-json\/wp\/v2\/types\/page"}],"author":[{"embeddable":true,"href":"https:\/\/cmrra.ca\/fr\/wp-json\/wp\/v2\/users\/5"}],"replies":[{"embeddable":true,"href":"https:\/\/cmrra.ca\/fr\/wp-json\/wp\/v2\/comments?post=146909"}],"version-history":[{"count":0,"href":"https:\/\/cmrra.ca\/fr\/wp-json\/wp\/v2\/pages\/146909\/revisions"}],"up":[{"embeddable":true,"href":"https:\/\/cmrra.ca\/fr\/wp-json\/wp\/v2\/pages\/146874"}],"wp:attachment":[{"href":"https:\/\/cmrra.ca\/fr\/wp-json\/wp\/v2\/media?parent=146909"}],"curies":[{"name":"wp","href":"https:\/\/api.w.org\/{rel}","templated":true}]}}