{"id":146905,"date":"2025-11-27T01:33:21","date_gmt":"2025-11-27T01:33:21","guid":{"rendered":"https:\/\/cmrra.ca\/?page_id=146905"},"modified":"2025-11-27T01:38:37","modified_gmt":"2025-11-27T01:38:37","slug":"careers","status":"publish","type":"page","link":"https:\/\/cmrra.ca\/fr\/a-propos-de-nous\/careers\/","title":{"rendered":"Careers"},"content":{"rendered":"<div class=\"wpb-content-wrapper\"><p>[vc_row row_height_percent=\u00a0\u00bb0&Prime; override_padding=\u00a0\u00bbyes\u00a0\u00bb h_padding=\u00a0\u00bb2&Prime; top_padding=\u00a0\u00bb5&Prime; bottom_padding=\u00a0\u00bb5&Prime; back_color=\u00a0\u00bbcolor-wayh\u00a0\u00bb back_image=\u00a0\u00bb145120&Prime; parallax=\u00a0\u00bbyes\u00a0\u00bb overlay_color=\u00a0\u00bbaccent\u00a0\u00bb overlay_alpha=\u00a0\u00bb80&Prime; overlay_color_blend=\u00a0\u00bbmultiply\u00a0\u00bb gutter_size=\u00a0\u00bb3&Prime; column_width_percent=\u00a0\u00bb100&Prime; shift_y=\u00a0\u00bb0&Prime; z_index=\u00a0\u00bb0&Prime; top_divider=\u00a0\u00bbgradient\u00a0\u00bb enable_bottom_divider=\u00a0\u00bbdefault\u00a0\u00bb bottom_divider=\u00a0\u00bbswoosh\u00a0\u00bb shape_bottom_h_use_pixel=\u00a0\u00bb\u00a0\u00bb shape_bottom_height=\u00a0\u00bb100&Prime; shape_bottom_color=\u00a0\u00bbcolor-xsdn\u00a0\u00bb shape_bottom_opacity=\u00a0\u00bb100&Prime; shape_bottom_index=\u00a0\u00bb0&Prime; content_parallax=\u00a0\u00bb0&Prime; uncode_shortcode_id=\u00a0\u00bb210980&Prime; back_color_type=\u00a0\u00bbuncode-palette\u00a0\u00bb overlay_color_type=\u00a0\u00bbuncode-palette\u00a0\u00bb shape_bottom_color_type=\u00a0\u00bbuncode-palette\u00a0\u00bb][vc_column column_width_percent=\u00a0\u00bb100&Prime; position_vertical=\u00a0\u00bbmiddle\u00a0\u00bb align_horizontal=\u00a0\u00bbalign_center\u00a0\u00bb gutter_size=\u00a0\u00bb4&Prime; style=\u00a0\u00bbdark\u00a0\u00bb overlay_alpha=\u00a0\u00bb50&Prime; shift_x=\u00a0\u00bb0&Prime; shift_y=\u00a0\u00bb0&Prime; shift_y_down=\u00a0\u00bb0&Prime; z_index=\u00a0\u00bb0&Prime; medium_width=\u00a0\u00bb0&Prime; mobile_width=\u00a0\u00bb0&Prime; width=\u00a0\u00bb1\/1&Prime;][vc_custom_heading text_color=\u00a0\u00bbcolor-xsdn\u00a0\u00bb heading_semantic=\u00a0\u00bbh1&Prime; text_font=\u00a0\u00bbfont-136269&Prime; text_size=\u00a0\u00bbh1&Prime; text_weight=\u00a0\u00bb500&Prime; text_height=\u00a0\u00bbfontheight-161249&Prime; uncode_shortcode_id=\u00a0\u00bb180646&Prime; text_color_type=\u00a0\u00bbuncode-palette\u00a0\u00bb]Venez travailler avec nous[\/vc_custom_heading][vc_custom_heading heading_semantic=\u00a0\u00bbh4&Prime; text_font=\u00a0\u00bbfont-136269&Prime; text_size=\u00a0\u00bbh4&Prime; text_weight=\u00a0\u00bb400&Prime; text_height=\u00a0\u00bbfontheight-357766&Prime; uncode_shortcode_id=\u00a0\u00bb107407&Prime;]<span style=\"font-weight: 400;\">\u00c0 la CMRRA, nous partageons une passion pour la musique et un attachement \u00e0 soutenir les cr\u00e9ateurs et les cr\u00e9atrices qui la composent. Notre \u00e9quipe veille \u00e0 ce que les \u00e9diteurs de musique, les auteurs-compositeurs, les auteures-compositrices ind\u00e9pendantes et les titulaires de droits re\u00e7oivent une r\u00e9mun\u00e9ration \u00e9quitable et une protection dans le monde complexe des licences. Unis par notre conviction que la musique rec\u00e8le une valeur culturelle, nous mettons en place des syst\u00e8mes novateurs, d\u00e9fendons les peronnes qui cr\u00e9ent et contribuons \u00e0 fa\u00e7onner l\u2019avenir de l\u2019industrie. Notre culture collaborative et respectueuse est motiv\u00e9e par les incidences significatives que nous provoquons en soutenant un \u00e9cosyst\u00e8me musical dynamique et durable au Canada et au-del\u00e0.<\/span>[\/vc_custom_heading][vc_empty_space empty_h=\u00a0\u00bb1&Prime; mobile_visibility=\u00a0\u00bbyes\u00a0\u00bb][\/vc_column][\/vc_row][vc_row row_height_percent=\u00a0\u00bb0&Prime; override_padding=\u00a0\u00bbyes\u00a0\u00bb h_padding=\u00a0\u00bb3&Prime; top_padding=\u00a0\u00bb1&Prime; bottom_padding=\u00a0\u00bb2&Prime; overlay_alpha=\u00a0\u00bb50&Prime; gutter_size=\u00a0\u00bb3&Prime; column_width_percent=\u00a0\u00bb100&Prime; shift_y=\u00a0\u00bb0&Prime; z_index=\u00a0\u00bb0&Prime; content_parallax=\u00a0\u00bb0&Prime; uncode_shortcode_id=\u00a0\u00bb172386&Prime;][vc_column column_width_percent=\u00a0\u00bb100&Prime; gutter_size=\u00a0\u00bb3&Prime; overlay_alpha=\u00a0\u00bb50&Prime; shift_x=\u00a0\u00bb0&Prime; shift_y=\u00a0\u00bb0&Prime; shift_y_down=\u00a0\u00bb0&Prime; z_index=\u00a0\u00bb0&Prime; medium_width=\u00a0\u00bb0&Prime; mobile_width=\u00a0\u00bb0&Prime; width=\u00a0\u00bb1\/1&Prime; uncode_shortcode_id=\u00a0\u00bb191657&Prime;][vc_empty_space empty_h=\u00a0\u00bb2&Prime;][vc_custom_heading text_color=\u00a0\u00bbaccent\u00a0\u00bb text_font=\u00a0\u00bbfont-136269&Prime; text_size=\u00a0\u00bbfontsize-155944&Prime; separator=\u00a0\u00bbyes\u00a0\u00bb uncode_shortcode_id=\u00a0\u00bb121342&Prime; text_color_type=\u00a0\u00bbuncode-palette\u00a0\u00bb]Postes actuellement vacants[\/vc_custom_heading][uncode_index el_id=\u00a0\u00bbindex-208369&Prime; index_type=\u00a0\u00bbcarousel\u00a0\u00bb loop=\u00a0\u00bbsize:10|order_by:date|post_type:post|categories:210|taxonomy_count:10&Prime; carousel_lg=\u00a0\u00bb3&Prime; carousel_md=\u00a0\u00bb3&Prime; carousel_sm=\u00a0\u00bb1&Prime; gutter_size=\u00a0\u00bb3&Prime; post_items=\u00a0\u00bbmedia|featured|onpost|original,title|-,date\u00a0\u00bb carousel_interval=\u00a0\u00bb3000&Prime; carousel_navspeed=\u00a0\u00bb400&Prime; stage_padding=\u00a0\u00bb0&Prime; single_overlay_opacity=\u00a0\u00bb50&Prime; single_padding=\u00a0\u00bb2&Prime; single_title_family=\u00a0\u00bbfont-136269&Prime; single_title_dimension=\u00a0\u00bbh3&Prime; uncode_shortcode_id=\u00a0\u00bb180202&Prime;][\/vc_column][\/vc_row][vc_row row_height_percent=\u00a0\u00bb0&Prime; override_padding=\u00a0\u00bbyes\u00a0\u00bb h_padding=\u00a0\u00bb3&Prime; top_padding=\u00a0\u00bb4&Prime; bottom_padding=\u00a0\u00bb3&Prime; overlay_alpha=\u00a0\u00bb50&Prime; gutter_size=\u00a0\u00bb4&Prime; column_width_percent=\u00a0\u00bb100&Prime; shift_y=\u00a0\u00bb0&Prime; z_index=\u00a0\u00bb0&Prime; content_parallax=\u00a0\u00bb0&Prime; uncode_shortcode_id=\u00a0\u00bb159708&Prime; row_height_pixel=\u00a0\u00bb60&Prime;][vc_column column_width_percent=\u00a0\u00bb100&Prime; gutter_size=\u00a0\u00bb3&Prime; overlay_alpha=\u00a0\u00bb50&Prime; shift_x=\u00a0\u00bb0&Prime; shift_y=\u00a0\u00bb0&Prime; shift_y_down=\u00a0\u00bb0&Prime; z_index=\u00a0\u00bb0&Prime; medium_width=\u00a0\u00bb0&Prime; mobile_width=\u00a0\u00bb0&Prime; width=\u00a0\u00bb1\/4&Prime; uncode_shortcode_id=\u00a0\u00bb211410&Prime;][vc_icon icon=\u00a0\u00bbfa fa-smile-o\u00a0\u00bb icon_color=\u00a0\u00bbaccent\u00a0\u00bb size=\u00a0\u00bbfa-3x\u00a0\u00bb text_size=\u00a0\u00bbh4&Prime; linked_title=\u00a0\u00bbyes\u00a0\u00bb text_reduced=\u00a0\u00bbyes\u00a0\u00bb align=\u00a0\u00bbleft\u00a0\u00bb title=\u00a0\u00bbAmour de la musique\u00a0\u00bb uncode_shortcode_id=\u00a0\u00bb168624&Prime; icon_color_type=\u00a0\u00bbuncode-palette\u00a0\u00bb]<span style=\"font-weight: 400;\">Une \u00e9quipe de gens passionn\u00e9s, d\u00e9vou\u00e9s, travailleurs, de professionnels du monde de l\u2019industrie de la musique.<\/span>[\/vc_icon][\/vc_column][vc_column width=\u00a0\u00bb1\/4&Prime;][vc_icon icon=\u00a0\u00bbfa fa-clock-o\u00a0\u00bb icon_color=\u00a0\u00bbaccent\u00a0\u00bb size=\u00a0\u00bbfa-3x\u00a0\u00bb text_size=\u00a0\u00bbh4&Prime; linked_title=\u00a0\u00bbyes\u00a0\u00bb text_reduced=\u00a0\u00bbyes\u00a0\u00bb align=\u00a0\u00bbleft\u00a0\u00bb title=\u00a0\u00bbDes horaires flexibles\u00a0\u00bb uncode_shortcode_id=\u00a0\u00bb207502&Prime; icon_color_type=\u00a0\u00bbuncode-palette\u00a0\u00bb]<span style=\"font-weight: 400;\">Emplacement id\u00e9al en centre-ville avec un mod\u00e8le de travail hybride et des horaires d&rsquo;\u00e9t\u00e9 offrant une semaine de travail comprim\u00e9e.<\/span>[\/vc_icon][\/vc_column][vc_column width=\u00a0\u00bb1\/4&Prime;][vc_icon icon=\u00a0\u00bbfa fa-home\u00a0\u00bb icon_color=\u00a0\u00bbaccent\u00a0\u00bb size=\u00a0\u00bbfa-3x\u00a0\u00bb text_size=\u00a0\u00bbh4&Prime; text_reduced=\u00a0\u00bbyes\u00a0\u00bb align=\u00a0\u00bbleft\u00a0\u00bb title=\u00a0\u00bbCompany Culture\u00a0\u00bb uncode_shortcode_id=\u00a0\u00bb196248&Prime; icon_color_type=\u00a0\u00bbuncode-palette\u00a0\u00bb]<span style=\"font-weight: 400;\">Nous offrons \u00e0 notre personnel des occasions uniques d\u2019assister \u00e0 des \u00e9v\u00e9nements li\u00e9s \u00e0 l\u2019industrie et \u00e0 la musique, tout en favorisant une culture de respect, de communication ouverte et d\u2019appartenance<\/span>[\/vc_icon][\/vc_column][vc_column width=\u00a0\u00bb1\/4&Prime;][vc_icon icon=\u00a0\u00bbfa fa-heart\u00a0\u00bb icon_color=\u00a0\u00bbaccent\u00a0\u00bb size=\u00a0\u00bbfa-3x\u00a0\u00bb text_size=\u00a0\u00bbh4&Prime; text_reduced=\u00a0\u00bbyes\u00a0\u00bb align=\u00a0\u00bbleft\u00a0\u00bb title=\u00a0\u00bbAvantages\u00a0\u00bb uncode_shortcode_id=\u00a0\u00bb558493&Prime; icon_color_type=\u00a0\u00bbuncode-palette\u00a0\u00bb]<span style=\"font-weight: 400;\">Nous offrons un ensemble complet d\u2019avantages sociaux avec des options flexibles, un compte de cr\u00e9dits-sant\u00e9 et un r\u00e9gime de retraite avec cotisation de l\u2019employeur.<\/span>[\/vc_icon][\/vc_column][\/vc_row][vc_row row_height_percent=\u00a0\u00bb0&Prime; override_padding=\u00a0\u00bbyes\u00a0\u00bb h_padding=\u00a0\u00bb3&Prime; top_padding=\u00a0\u00bb1&Prime; bottom_padding=\u00a0\u00bb2&Prime; overlay_alpha=\u00a0\u00bb50&Prime; gutter_size=\u00a0\u00bb3&Prime; column_width_percent=\u00a0\u00bb100&Prime; shift_y=\u00a0\u00bb0&Prime; z_index=\u00a0\u00bb0&Prime; content_parallax=\u00a0\u00bb0&Prime; uncode_shortcode_id=\u00a0\u00bb172386&Prime;][vc_column column_width_percent=\u00a0\u00bb100&Prime; gutter_size=\u00a0\u00bb3&Prime; overlay_alpha=\u00a0\u00bb50&Prime; shift_x=\u00a0\u00bb0&Prime; shift_y=\u00a0\u00bb0&Prime; shift_y_down=\u00a0\u00bb0&Prime; z_index=\u00a0\u00bb0&Prime; medium_width=\u00a0\u00bb0&Prime; mobile_width=\u00a0\u00bb0&Prime; width=\u00a0\u00bb1\/1&Prime; uncode_shortcode_id=\u00a0\u00bb191657&Prime;][vc_custom_heading text_font=\u00a0\u00bbfont-136269&Prime; text_size=\u00a0\u00bbfontsize-155944&Prime; uncode_shortcode_id=\u00a0\u00bb660561&Prime;]Notre engagement[\/vc_custom_heading][vc_column_text text_lead=\u00a0\u00bbyes\u00a0\u00bb uncode_shortcode_id=\u00a0\u00bb110994&Prime;]<span style=\"font-weight: 400;\">\u00c0 la CMRRA, nous nous engageons \u00e0 cr\u00e9er un milieu de travail o\u00f9 chaque membre de l\u2019\u00e9quipe, chaque client et chaque partenaire se sent valoris\u00e9 et soutenu. En tant que chef de file de l\u2019industrie, nous nous pr\u00e9occupons de cr\u00e9er un environnement diversifi\u00e9, inclusif et \u00e9quitable, car nous croyons que notre force r\u00e9side dans la diversit\u00e9. Nous nous effor\u00e7ons d\u2019\u00eatre plus efficaces chaque jour, ensemble. Si vous postulez et que avez besoin de mesures d\u2019adaptation pendant le processus d\u2019embauche, veuillez nous en faire part. Nous nous engageons \u00e0 assurer un recrutement \u00e9quitable et accessible \u00e0 tout le monde.<\/span>[\/vc_column_text][vc_empty_space empty_h=\u00a0\u00bb2&Prime;][\/vc_column][\/vc_row][vc_row row_height_percent=\u00a0\u00bb0&Prime; override_padding=\u00a0\u00bbyes\u00a0\u00bb h_padding=\u00a0\u00bb2&Prime; top_padding=\u00a0\u00bb7&Prime; bottom_padding=\u00a0\u00bb7&Prime; back_color=\u00a0\u00bbaccent\u00a0\u00bb overlay_alpha=\u00a0\u00bb15&Prime; gutter_size=\u00a0\u00bb3&Prime; column_width_percent=\u00a0\u00bb100&Prime; shift_y=\u00a0\u00bb0&Prime; z_index=\u00a0\u00bb0&Prime; enable_top_divider=\u00a0\u00bbdefault\u00a0\u00bb top_divider_inv=\u00a0\u00bbswoosh\u00a0\u00bb shape_top_invert=\u00a0\u00bbyes\u00a0\u00bb shape_top_h_use_pixel=\u00a0\u00bb\u00a0\u00bb shape_top_height=\u00a0\u00bb100&Prime; shape_top_color=\u00a0\u00bbcolor-xsdn\u00a0\u00bb shape_top_opacity=\u00a0\u00bb100&Prime; shape_top_index=\u00a0\u00bb0&Prime; bottom_divider=\u00a0\u00bbgradient\u00a0\u00bb content_parallax=\u00a0\u00bb0&Prime; uncode_shortcode_id=\u00a0\u00bb675282&Prime; back_color_type=\u00a0\u00bbuncode-palette\u00a0\u00bb shape_top_color_type=\u00a0\u00bbuncode-palette\u00a0\u00bb][vc_column column_width_use_pixel=\u00a0\u00bbyes\u00a0\u00bb position_vertical=\u00a0\u00bbmiddle\u00a0\u00bb gutter_size=\u00a0\u00bb4&Prime; style=\u00a0\u00bbdark\u00a0\u00bb overlay_alpha=\u00a0\u00bb50&Prime; shift_x=\u00a0\u00bb0&Prime; shift_y=\u00a0\u00bb0&Prime; shift_y_down=\u00a0\u00bb0&Prime; z_index=\u00a0\u00bb0&Prime; medium_width=\u00a0\u00bb0&Prime; mobile_width=\u00a0\u00bb0&Prime; width=\u00a0\u00bb1\/1&Prime; uncode_shortcode_id=\u00a0\u00bb186018&Prime; column_width_pixel=\u00a0\u00bb1000&Prime;][vc_row_inner row_inner_height_percent=\u00a0\u00bb0&Prime; overlay_alpha=\u00a0\u00bb50&Prime; gutter_size=\u00a0\u00bb4&Prime; shift_y=\u00a0\u00bb0&Prime; z_index=\u00a0\u00bb0&Prime; limit_content=\u00a0\u00bb\u00a0\u00bb][vc_column_inner column_width_percent=\u00a0\u00bb100&Prime; align_horizontal=\u00a0\u00bbalign_center\u00a0\u00bb gutter_size=\u00a0\u00bb3&Prime; style=\u00a0\u00bbdark\u00a0\u00bb overlay_alpha=\u00a0\u00bb50&Prime; shift_x=\u00a0\u00bb0&Prime; shift_y=\u00a0\u00bb0&Prime; shift_y_down=\u00a0\u00bb0&Prime; z_index=\u00a0\u00bb0&Prime; medium_width=\u00a0\u00bb0&Prime; mobile_width=\u00a0\u00bb0&Prime; width=\u00a0\u00bb1\/1&Prime; uncode_shortcode_id=\u00a0\u00bb648253&Prime;][vc_empty_space empty_h=\u00a0\u00bb2&Prime;][vc_custom_heading heading_semantic=\u00a0\u00bbh3&Prime; text_font=\u00a0\u00bbfont-136269&Prime; text_size=\u00a0\u00bbfontsize-338686&Prime; text_height=\u00a0\u00bbfontheight-179065&Prime; uncode_shortcode_id=\u00a0\u00bb139581&Prime;]Envoyez votre curriculum vit\u00e6[\/vc_custom_heading][vc_custom_heading heading_semantic=\u00a0\u00bbh4&Prime; text_font=\u00a0\u00bbfont-136269&Prime; text_size=\u00a0\u00bbh4&Prime; text_weight=\u00a0\u00bb400&Prime; text_height=\u00a0\u00bbfontheight-357766&Prime; uncode_shortcode_id=\u00a0\u00bb165012&Prime;]<span style=\"font-weight: 400;\">Nous sommes toujours \u00e0 la recherche de personnes passionn\u00e9es et talentueuses qui peuvent apporter leurs comp\u00e9tences et leur expertise uniques \u00e0 notre \u00e9quipe. Si vous ne trouvez pas de poste qui correspond \u00e0 vos objectifs de carri\u00e8re, nous serions tout de m\u00eame ravis de vous rencontrer.<\/span>[\/vc_custom_heading][vc_column_text uncode_shortcode_id=\u00a0\u00bb109512&Prime;]<span style=\"font-weight: 400;\">Envoyez-nous votre CV et votre lettre de motivation en indiquant le titre du poste ou votre domaine d\u2019expertise dans l\u2019objet du message \u00e0 <\/span><a href=\"mailto:jobs@cmrra.ca\"><span style=\"font-weight: 400;\">jobs@cmrra.ca<\/span><\/a><span style=\"font-weight: 400;\">. Nous appr\u00e9cions chaque candidature, mais seules les personnes pr\u00e9s\u00e9lectionn\u00e9es seront contact\u00e9es.<\/span>[\/vc_column_text][vc_empty_space empty_h=\u00a0\u00bb1&Prime; mobile_visibility=\u00a0\u00bbyes\u00a0\u00bb][vc_button button_color=\u00a0\u00bbcolor-273963&Prime; size=\u00a0\u00bbbtn-xl\u00a0\u00bb radius=\u00a0\u00bbbtn-circle\u00a0\u00bb outline=\u00a0\u00bbyes\u00a0\u00bb border_width=\u00a0\u00bb2&Prime; link=\u00a0\u00bburl:mailto%3Ajobs%40cmrra.ca|target:_blank\u00a0\u00bb button_color_type=\u00a0\u00bbuncode-palette\u00a0\u00bb uncode_shortcode_id=\u00a0\u00bb692108&Prime;]Email Us[\/vc_button][\/vc_column_inner][\/vc_row_inner][\/vc_column][\/vc_row]<\/p>\n<\/div>","protected":false},"excerpt":{"rendered":"<p>[vc_row row_height_percent=\u00a0\u00bb0&Prime; override_padding=\u00a0\u00bbyes\u00a0\u00bb h_padding=\u00a0\u00bb2&Prime; top_padding=\u00a0\u00bb5&Prime; bottom_padding=\u00a0\u00bb5&Prime; back_color=\u00a0\u00bbcolor-wayh\u00a0\u00bb back_image=\u00a0\u00bb145120&Prime; parallax=\u00a0\u00bbyes\u00a0\u00bb overlay_color=\u00a0\u00bbaccent\u00a0\u00bb overlay_alpha=\u00a0\u00bb80&Prime; overlay_color_blend=\u00a0\u00bbmultiply\u00a0\u00bb gutter_size=\u00a0\u00bb3&Prime; column_width_percent=\u00a0\u00bb100&Prime; shift_y=\u00a0\u00bb0&Prime; z_index=\u00a0\u00bb0&Prime; top_divider=\u00a0\u00bbgradient\u00a0\u00bb enable_bottom_divider=\u00a0\u00bbdefault\u00a0\u00bb bottom_divider=\u00a0\u00bbswoosh\u00a0\u00bb shape_bottom_h_use_pixel=\u00a0\u00bb\u00a0\u00bb [&hellip;]<\/p>\n","protected":false},"author":5,"featured_media":0,"parent":146874,"menu_order":0,"comment_status":"closed","ping_status":"closed","template":"","meta":{"footnotes":""},"class_list":["post-146905","page","type-page","status-publish","hentry"],"yoast_head":"<!-- This site is optimized with the Yoast SEO plugin v26.8 - https:\/\/yoast.com\/product\/yoast-seo-wordpress\/ -->\n<title>Careers - CMRRA<\/title>\n<meta name=\"robots\" content=\"index, follow, max-snippet:-1, max-image-preview:large, max-video-preview:-1\" \/>\n<link rel=\"canonical\" href=\"https:\/\/cmrra.ca\/fr\/a-propos-de-nous\/careers\/\" \/>\n<meta property=\"og:locale\" content=\"fr_FR\" \/>\n<meta property=\"og:type\" content=\"article\" \/>\n<meta property=\"og:title\" content=\"Careers - CMRRA\" \/>\n<meta property=\"og:description\" content=\"[vc_row row_height_percent=\u00a0\u00bb0&Prime; override_padding=\u00a0\u00bbyes\u00a0\u00bb h_padding=\u00a0\u00bb2&Prime; top_padding=\u00a0\u00bb5&Prime; bottom_padding=\u00a0\u00bb5&Prime; back_color=\u00a0\u00bbcolor-wayh\u00a0\u00bb back_image=\u00a0\u00bb145120&Prime; parallax=\u00a0\u00bbyes\u00a0\u00bb overlay_color=\u00a0\u00bbaccent\u00a0\u00bb overlay_alpha=\u00a0\u00bb80&Prime; overlay_color_blend=\u00a0\u00bbmultiply\u00a0\u00bb gutter_size=\u00a0\u00bb3&Prime; column_width_percent=\u00a0\u00bb100&Prime; shift_y=\u00a0\u00bb0&Prime; z_index=\u00a0\u00bb0&Prime; top_divider=\u00a0\u00bbgradient\u00a0\u00bb enable_bottom_divider=\u00a0\u00bbdefault\u00a0\u00bb bottom_divider=\u00a0\u00bbswoosh\u00a0\u00bb shape_bottom_h_use_pixel=\u00a0\u00bb\u00a0\u00bb [&hellip;]\" \/>\n<meta property=\"og:url\" content=\"https:\/\/cmrra.ca\/fr\/a-propos-de-nous\/careers\/\" \/>\n<meta property=\"og:site_name\" content=\"CMRRA\" \/>\n<meta property=\"article:publisher\" content=\"https:\/\/www.facebook.com\/CMRRA\/\" \/>\n<meta property=\"article:modified_time\" content=\"2025-11-27T01:38:37+00:00\" \/>\n<meta name=\"twitter:card\" content=\"summary_large_image\" \/>\n<meta name=\"twitter:label1\" content=\"Est. reading time\" \/>\n\t<meta name=\"twitter:data1\" content=\"4 minutes\" \/>\n<script type=\"application\/ld+json\" class=\"yoast-schema-graph\">{\"@context\":\"https:\/\/schema.org\",\"@graph\":[{\"@type\":\"WebPage\",\"@id\":\"https:\/\/cmrra.ca\/fr\/a-propos-de-nous\/careers\/\",\"url\":\"https:\/\/cmrra.ca\/fr\/a-propos-de-nous\/careers\/\",\"name\":\"Careers - CMRRA\",\"isPartOf\":{\"@id\":\"https:\/\/cmrra.ca\/fr\/#website\"},\"datePublished\":\"2025-11-27T01:33:21+00:00\",\"dateModified\":\"2025-11-27T01:38:37+00:00\",\"breadcrumb\":{\"@id\":\"https:\/\/cmrra.ca\/fr\/a-propos-de-nous\/careers\/#breadcrumb\"},\"inLanguage\":\"fr-FR\",\"potentialAction\":[{\"@type\":\"ReadAction\",\"target\":[\"https:\/\/cmrra.ca\/fr\/a-propos-de-nous\/careers\/\"]}]},{\"@type\":\"BreadcrumbList\",\"@id\":\"https:\/\/cmrra.ca\/fr\/a-propos-de-nous\/careers\/#breadcrumb\",\"itemListElement\":[{\"@type\":\"ListItem\",\"position\":1,\"name\":\"Home\",\"item\":\"https:\/\/www.cmrra.ca\/fr\/\"},{\"@type\":\"ListItem\",\"position\":2,\"name\":\"\u00c0 propos de nous\",\"item\":\"https:\/\/cmrra.ca\/fr\/about\/\"},{\"@type\":\"ListItem\",\"position\":3,\"name\":\"Careers\"}]},{\"@type\":\"WebSite\",\"@id\":\"https:\/\/cmrra.ca\/fr\/#website\",\"url\":\"https:\/\/cmrra.ca\/fr\/\",\"name\":\"CMRRA\",\"description\":\"Canadian Music Reproduction Rights Agency\",\"publisher\":{\"@id\":\"https:\/\/cmrra.ca\/fr\/#organization\"},\"potentialAction\":[{\"@type\":\"SearchAction\",\"target\":{\"@type\":\"EntryPoint\",\"urlTemplate\":\"https:\/\/cmrra.ca\/fr\/?s={search_term_string}\"},\"query-input\":{\"@type\":\"PropertyValueSpecification\",\"valueRequired\":true,\"valueName\":\"search_term_string\"}}],\"inLanguage\":\"fr-FR\"},{\"@type\":\"Organization\",\"@id\":\"https:\/\/cmrra.ca\/fr\/#organization\",\"name\":\"Canadian Musical Reproduction Rights Agency\",\"url\":\"https:\/\/cmrra.ca\/fr\/\",\"logo\":{\"@type\":\"ImageObject\",\"inLanguage\":\"fr-FR\",\"@id\":\"https:\/\/cmrra.ca\/fr\/#\/schema\/logo\/image\/\",\"url\":\"https:\/\/ffb593fef5b9e79625346b2de7667ac0\/wp-content\/uploads\/2025\/12\/cmrra-logo-50th-square.jpg\",\"contentUrl\":\"https:\/\/ffb593fef5b9e79625346b2de7667ac0\/wp-content\/uploads\/2025\/12\/cmrra-logo-50th-square.jpg\",\"width\":696,\"height\":696,\"caption\":\"Canadian Musical Reproduction Rights Agency\"},\"image\":{\"@id\":\"https:\/\/cmrra.ca\/fr\/#\/schema\/logo\/image\/\"},\"sameAs\":[\"https:\/\/www.facebook.com\/CMRRA\/\"]}]}<\/script>\n<!-- \/ Yoast SEO plugin. -->","yoast_head_json":{"title":"Careers - CMRRA","robots":{"index":"index","follow":"follow","max-snippet":"max-snippet:-1","max-image-preview":"max-image-preview:large","max-video-preview":"max-video-preview:-1"},"canonical":"https:\/\/cmrra.ca\/fr\/a-propos-de-nous\/careers\/","og_locale":"fr_FR","og_type":"article","og_title":"Careers - CMRRA","og_description":"[vc_row row_height_percent=\u00a0\u00bb0&Prime; override_padding=\u00a0\u00bbyes\u00a0\u00bb h_padding=\u00a0\u00bb2&Prime; top_padding=\u00a0\u00bb5&Prime; bottom_padding=\u00a0\u00bb5&Prime; back_color=\u00a0\u00bbcolor-wayh\u00a0\u00bb back_image=\u00a0\u00bb145120&Prime; parallax=\u00a0\u00bbyes\u00a0\u00bb overlay_color=\u00a0\u00bbaccent\u00a0\u00bb overlay_alpha=\u00a0\u00bb80&Prime; overlay_color_blend=\u00a0\u00bbmultiply\u00a0\u00bb gutter_size=\u00a0\u00bb3&Prime; column_width_percent=\u00a0\u00bb100&Prime; shift_y=\u00a0\u00bb0&Prime; z_index=\u00a0\u00bb0&Prime; top_divider=\u00a0\u00bbgradient\u00a0\u00bb enable_bottom_divider=\u00a0\u00bbdefault\u00a0\u00bb bottom_divider=\u00a0\u00bbswoosh\u00a0\u00bb shape_bottom_h_use_pixel=\u00a0\u00bb\u00a0\u00bb [&hellip;]","og_url":"https:\/\/cmrra.ca\/fr\/a-propos-de-nous\/careers\/","og_site_name":"CMRRA","article_publisher":"https:\/\/www.facebook.com\/CMRRA\/","article_modified_time":"2025-11-27T01:38:37+00:00","twitter_card":"summary_large_image","twitter_misc":{"Est. reading time":"4 minutes"},"schema":{"@context":"https:\/\/schema.org","@graph":[{"@type":"WebPage","@id":"https:\/\/cmrra.ca\/fr\/a-propos-de-nous\/careers\/","url":"https:\/\/cmrra.ca\/fr\/a-propos-de-nous\/careers\/","name":"Careers - CMRRA","isPartOf":{"@id":"https:\/\/cmrra.ca\/fr\/#website"},"datePublished":"2025-11-27T01:33:21+00:00","dateModified":"2025-11-27T01:38:37+00:00","breadcrumb":{"@id":"https:\/\/cmrra.ca\/fr\/a-propos-de-nous\/careers\/#breadcrumb"},"inLanguage":"fr-FR","potentialAction":[{"@type":"ReadAction","target":["https:\/\/cmrra.ca\/fr\/a-propos-de-nous\/careers\/"]}]},{"@type":"BreadcrumbList","@id":"https:\/\/cmrra.ca\/fr\/a-propos-de-nous\/careers\/#breadcrumb","itemListElement":[{"@type":"ListItem","position":1,"name":"Home","item":"https:\/\/www.cmrra.ca\/fr\/"},{"@type":"ListItem","position":2,"name":"\u00c0 propos de nous","item":"https:\/\/cmrra.ca\/fr\/about\/"},{"@type":"ListItem","position":3,"name":"Careers"}]},{"@type":"WebSite","@id":"https:\/\/cmrra.ca\/fr\/#website","url":"https:\/\/cmrra.ca\/fr\/","name":"CMRRA","description":"Canadian Music Reproduction Rights Agency","publisher":{"@id":"https:\/\/cmrra.ca\/fr\/#organization"},"potentialAction":[{"@type":"SearchAction","target":{"@type":"EntryPoint","urlTemplate":"https:\/\/cmrra.ca\/fr\/?s={search_term_string}"},"query-input":{"@type":"PropertyValueSpecification","valueRequired":true,"valueName":"search_term_string"}}],"inLanguage":"fr-FR"},{"@type":"Organization","@id":"https:\/\/cmrra.ca\/fr\/#organization","name":"Canadian Musical Reproduction Rights Agency","url":"https:\/\/cmrra.ca\/fr\/","logo":{"@type":"ImageObject","inLanguage":"fr-FR","@id":"https:\/\/cmrra.ca\/fr\/#\/schema\/logo\/image\/","url":"https:\/\/ffb593fef5b9e79625346b2de7667ac0\/wp-content\/uploads\/2025\/12\/cmrra-logo-50th-square.jpg","contentUrl":"https:\/\/ffb593fef5b9e79625346b2de7667ac0\/wp-content\/uploads\/2025\/12\/cmrra-logo-50th-square.jpg","width":696,"height":696,"caption":"Canadian Musical Reproduction Rights Agency"},"image":{"@id":"https:\/\/cmrra.ca\/fr\/#\/schema\/logo\/image\/"},"sameAs":["https:\/\/www.facebook.com\/CMRRA\/"]}]}},"featured_image_src":null,"featured_image_src_square":null,"_links":{"self":[{"href":"https:\/\/cmrra.ca\/fr\/wp-json\/wp\/v2\/pages\/146905","targetHints":{"allow":["GET"]}}],"collection":[{"href":"https:\/\/cmrra.ca\/fr\/wp-json\/wp\/v2\/pages"}],"about":[{"href":"https:\/\/cmrra.ca\/fr\/wp-json\/wp\/v2\/types\/page"}],"author":[{"embeddable":true,"href":"https:\/\/cmrra.ca\/fr\/wp-json\/wp\/v2\/users\/5"}],"replies":[{"embeddable":true,"href":"https:\/\/cmrra.ca\/fr\/wp-json\/wp\/v2\/comments?post=146905"}],"version-history":[{"count":0,"href":"https:\/\/cmrra.ca\/fr\/wp-json\/wp\/v2\/pages\/146905\/revisions"}],"up":[{"embeddable":true,"href":"https:\/\/cmrra.ca\/fr\/wp-json\/wp\/v2\/pages\/146874"}],"wp:attachment":[{"href":"https:\/\/cmrra.ca\/fr\/wp-json\/wp\/v2\/media?parent=146905"}],"curies":[{"name":"wp","href":"https:\/\/api.w.org\/{rel}","templated":true}]}}