{"id":146898,"date":"2025-11-26T23:06:00","date_gmt":"2025-11-26T23:06:00","guid":{"rendered":"https:\/\/cmrra.ca\/?page_id=146898"},"modified":"2025-11-26T23:12:22","modified_gmt":"2025-11-26T23:12:22","slug":"comprendre-le-droit-dauteur-dans-musical","status":"publish","type":"page","link":"https:\/\/cmrra.ca\/fr\/ce-que-nous-faisons\/comprendre-le-droit-dauteur-dans-musical\/","title":{"rendered":"comprendre le droit d\u2019auteur dans musical"},"content":{"rendered":"<div class=\"wpb-content-wrapper\"><p>[vc_row row_height_percent=\u00a0\u00bb50&Prime; override_padding=\u00a0\u00bbyes\u00a0\u00bb h_padding=\u00a0\u00bb2&Prime; top_padding=\u00a0\u00bb2&Prime; bottom_padding=\u00a0\u00bb2&Prime; back_color=\u00a0\u00bbaccent\u00a0\u00bb back_image=\u00a0\u00bb145121&Prime; back_position=\u00a0\u00bbcenter bottom\u00a0\u00bb parallax=\u00a0\u00bbyes\u00a0\u00bb overlay_color=\u00a0\u00bbaccent\u00a0\u00bb overlay_alpha=\u00a0\u00bb35&Prime; overlay_color_blend=\u00a0\u00bbdarken\u00a0\u00bb gutter_size=\u00a0\u00bb3&Prime; column_width_percent=\u00a0\u00bb100&Prime; shift_y=\u00a0\u00bb0&Prime; z_index=\u00a0\u00bb0&Prime; content_parallax=\u00a0\u00bb0&Prime; uncode_shortcode_id=\u00a0\u00bb367600&Prime; back_color_type=\u00a0\u00bbuncode-palette\u00a0\u00bb overlay_color_type=\u00a0\u00bbuncode-palette\u00a0\u00bb row_height_pixel=\u00a0\u00bb40&Prime;][vc_column column_width_use_pixel=\u00a0\u00bbyes\u00a0\u00bb position_vertical=\u00a0\u00bbmiddle\u00a0\u00bb align_horizontal=\u00a0\u00bbalign_center\u00a0\u00bb gutter_size=\u00a0\u00bb2&Prime; style=\u00a0\u00bbdark\u00a0\u00bb overlay_alpha=\u00a0\u00bb50&Prime; shift_x=\u00a0\u00bb0&Prime; shift_y=\u00a0\u00bb0&Prime; shift_y_down=\u00a0\u00bb0&Prime; z_index=\u00a0\u00bb0&Prime; medium_width=\u00a0\u00bb0&Prime; mobile_width=\u00a0\u00bb0&Prime; width=\u00a0\u00bb1\/1&Prime; column_width_pixel=\u00a0\u00bb900&Prime;][vc_custom_heading heading_semantic=\u00a0\u00bbh5&Prime; text_size=\u00a0\u00bbfontsize-160000&Prime; text_transform=\u00a0\u00bbuppercase\u00a0\u00bb text_space=\u00a0\u00bbfontspace-135905&Prime; uncode_shortcode_id=\u00a0\u00bb205998&Prime;]<span style=\"font-weight: 400;\">Ce que nous faisons<\/span>[\/vc_custom_heading][vc_custom_heading heading_semantic=\u00a0\u00bbh4&Prime; text_font=\u00a0\u00bbfont-136269&Prime; text_size=\u00a0\u00bbfontsize-338686&Prime; uncode_shortcode_id=\u00a0\u00bb196198&Prime;]Bien comprendre le droit d\u2019auteur dans le domaine musical[\/vc_custom_heading][vc_empty_space empty_h=\u00a0\u00bb2&Prime;][\/vc_column][\/vc_row][vc_row row_height_percent=\u00a0\u00bb0&Prime; override_padding=\u00a0\u00bbyes\u00a0\u00bb h_padding=\u00a0\u00bb0&Prime; top_padding=\u00a0\u00bb3&Prime; bottom_padding=\u00a0\u00bb2&Prime; overlay_alpha=\u00a0\u00bb50&Prime; gutter_size=\u00a0\u00bb3&Prime; column_width_percent=\u00a0\u00bb100&Prime; shift_y=\u00a0\u00bb0&Prime; z_index=\u00a0\u00bb0&Prime; content_parallax=\u00a0\u00bb0&Prime; uncode_shortcode_id=\u00a0\u00bb527690&Prime;][vc_column][vc_column_text uncode_shortcode_id=\u00a0\u00bb174605&Prime;]<span style=\"font-weight: 400;\">Un droit d\u2019auteur est un droit d\u00e9tenu par la personne qui a cr\u00e9\u00e9 une \u0153uvre originale qui lui permet de produire ou de reproduire, d\u2019interpr\u00e9ter ou de publier sa cr\u00e9ation et d\u2019\u00eatre r\u00e9mun\u00e9r\u00e9e lorsque quiconque souhaite l\u2019utiliser de la m\u00eame fa\u00e7on. Dans le domaine musical, le droit d\u2019auteur s\u2019applique \u00e0 la fois \u00e0\u00a0:<\/span><\/p>\n<p><b>1. la composition sous-jacente (la chanson originale);<\/b><\/p>\n<p><b>2. l\u2019enregistrement sonore.<\/b><\/p>\n<p data-prosemirror-content-type=\"node\" data-prosemirror-node-name=\"paragraph\" data-prosemirror-node-block=\"true\" data-pm-slice=\"1 1 [&quot;table&quot;,{&quot;displayMode&quot;:null,&quot;isNumberColumnEnabled&quot;:true,&quot;layout&quot;:&quot;center&quot;,&quot;localId&quot;:&quot;90cfc686-0264-4240-afb0-ea97e96cd43b&quot;,&quot;width&quot;:1776,&quot;__autoSize&quot;:false},&quot;tableRow&quot;,{&quot;localId&quot;:null},&quot;tableCell&quot;,{&quot;colspan&quot;:1,&quot;rowspan&quot;:1,&quot;colwidth&quot;:[398],&quot;background&quot;:null,&quot;localId&quot;:null}]\"><span style=\"font-weight: 400;\">Les titulaires de droits d\u2019auteur peuvent conc\u00e9der sous licence leurs \u0153uvres afin que d\u2019autres puissent utiliser la composition sous-jacente, l\u2019enregistrement ou l\u2019interpr\u00e9tation de la composition sous-jacente et l\u2019enregistrement.<\/span><\/p>\n<p>[\/vc_column_text][\/vc_column][\/vc_row][vc_row row_height_percent=\u00a0\u00bb30&Prime; override_padding=\u00a0\u00bbyes\u00a0\u00bb h_padding=\u00a0\u00bb4&Prime; top_padding=\u00a0\u00bb5&Prime; bottom_padding=\u00a0\u00bb5&Prime; back_color=\u00a0\u00bbaccent\u00a0\u00bb back_image=\u00a0\u00bb145202&Prime; parallax=\u00a0\u00bbyes\u00a0\u00bb overlay_color=\u00a0\u00bbaccent\u00a0\u00bb overlay_alpha=\u00a0\u00bb80&Prime; overlay_color_blend=\u00a0\u00bbmultiply\u00a0\u00bb equal_height=\u00a0\u00bbyes\u00a0\u00bb gutter_size=\u00a0\u00bb4&Prime; column_width_percent=\u00a0\u00bb100&Prime; shift_y=\u00a0\u00bb0&Prime; z_index=\u00a0\u00bb0&Prime; content_parallax=\u00a0\u00bb0&Prime; uncode_shortcode_id=\u00a0\u00bb909873&Prime; back_color_type=\u00a0\u00bbuncode-palette\u00a0\u00bb overlay_color_type=\u00a0\u00bbuncode-palette\u00a0\u00bb][vc_column column_width_percent=\u00a0\u00bb100&Prime; position_vertical=\u00a0\u00bbmiddle\u00a0\u00bb align_horizontal=\u00a0\u00bbalign_center\u00a0\u00bb gutter_size=\u00a0\u00bb3&Prime; style=\u00a0\u00bbdark\u00a0\u00bb overlay_alpha=\u00a0\u00bb50&Prime; shift_x=\u00a0\u00bb0&Prime; shift_y=\u00a0\u00bb0&Prime; shift_y_down=\u00a0\u00bb0&Prime; z_index=\u00a0\u00bb0&Prime; medium_width=\u00a0\u00bb0&Prime; mobile_width=\u00a0\u00bb0&Prime; width=\u00a0\u00bb1\/1&Prime;][vc_custom_heading heading_semantic=\u00a0\u00bbh3&Prime; uncode_shortcode_id=\u00a0\u00bb168013&Prime;]Remarque[\/vc_custom_heading][vc_column_text uncode_shortcode_id=\u00a0\u00bb103997&Prime;]<span style=\"font-weight: 400;\">Le droit d\u2019auteur musical est une forme de propri\u00e9t\u00e9. Au Canada, une \u0153uvre musicale est prot\u00e9g\u00e9e par le droit d\u2019auteur pendant 70 ans apr\u00e8s le d\u00e9c\u00e8s de la derni\u00e8re personne titulaire. Pass\u00e9 ce d\u00e9lai, l\u2019oeuvre tombe dans le domaine public. Le droit d\u2019auteur conf\u00e8re des droits exclusifs de reproduction ou d\u2019ex\u00e9cution de celle-ci, et toute utilisation non autoris\u00e9e est consid\u00e9r\u00e9e comme une violation du droit d\u2019auteur.<\/span>[\/vc_column_text][\/vc_column][\/vc_row][vc_row row_height_percent=\u00a0\u00bb0&Prime; override_padding=\u00a0\u00bbyes\u00a0\u00bb h_padding=\u00a0\u00bb0&Prime; top_padding=\u00a0\u00bb2&Prime; bottom_padding=\u00a0\u00bb2&Prime; overlay_alpha=\u00a0\u00bb50&Prime; gutter_size=\u00a0\u00bb3&Prime; column_width_percent=\u00a0\u00bb100&Prime; shift_y=\u00a0\u00bb0&Prime; z_index=\u00a0\u00bb0&Prime; content_parallax=\u00a0\u00bb0&Prime; uncode_shortcode_id=\u00a0\u00bb922077&Prime;][vc_column][vc_column_text uncode_shortcode_id=\u00a0\u00bb198583&Prime;]<span style=\"font-weight: 400;\">Les titulaires du droit d\u2019auteur peuvent accorder des licences d\u2019utilisation de leur \u0153uvre \u00e0 des tiers. Le type de licence d\u00e9livr\u00e9e d\u00e9pend de l\u2019usage qui en est fait. Examinons ces droits plus en d\u00e9tail.<\/span>[\/vc_column_text][vc_custom_heading text_color=\u00a0\u00bbaccent\u00a0\u00bb uncode_shortcode_id=\u00a0\u00bb104292&Prime; text_color_type=\u00a0\u00bbuncode-palette\u00a0\u00bb]Types de droits de musique[\/vc_custom_heading][vc_column_text uncode_shortcode_id=\u00a0\u00bb142886&Prime;]<b>Droit de reproduction\u00a0:<\/b><span style=\"font-weight: 400;\"> Couvre la reproduction de la composition elle-m\u00eame, souvent n\u00e9cessaire pour les copies physiques ou les t\u00e9l\u00e9chargements num\u00e9riques (CMRRA).<\/span><\/p>\n<p><b>Droit d\u2019ex\u00e9cution\u00a0:<\/b><span style=\"font-weight: 400;\"> Autorise la repr\u00e9sentation publique ou la diffusion de la composition musicale (la chanson \u00e9crite) et parfois l&rsquo;enregistrement sonore lui-m\u00eame (SOCAN).<\/span><\/p>\n<p><b>Droit voisin\u00a0:<\/b><span style=\"font-weight: 400;\"> Autorise la diffusion publique ou la retransmission de l\u2019enregistrement sonore, ind\u00e9pendamment de la composition (ACTRA-RACS, Re:Sound, Artisti).<\/span><\/p>\n<p><b>Droit d\u2019enregistrement original\u00a0:<\/b><span style=\"font-weight: 400;\"> Accorde l\u2019autorisation de reproduire l\u2019enregistrement sonore ou le mat\u00e9riel original (CONNECT Music Licensing, SOPROQ).<\/span><\/p>\n<p><b>Droit de postsynchronisation audiovisuelle\u00a0:<\/b><span style=\"font-weight: 400;\"> Ce droit s\u2019applique apr\u00e8s la synchronisation et les copies de couverture de la production audiovisuelle finale, qui inclut la musique \u2014\u00a0p.\u00a0ex., YouTube, TikTok, Instagram et les plateformes de vid\u00e9o \u00e0 la demande (CMRRA, SOCAN RR).<\/span><\/p>\n<p><b>Droit de synchronisation\u00a0:<\/b><span style=\"font-weight: 400;\"> Permet l\u2019utilisation d\u2019un morceau de musique dans une \u0153uvre audiovisuelle telle qu\u2019un film, une \u00e9mission de t\u00e9l\u00e9vision, une publicit\u00e9, etc. Pour obtenir une licence de synchronisation, vous devez vous adresser directement \u00e0 l\u2019\u00e9diteur de musique ou \u00e0 la personne titulaire des droits d\u2019auteur de la ou des chansons que vous souhaitez utiliser.<\/span>[\/vc_column_text][\/vc_column][\/vc_row][vc_row row_height_percent=\u00a0\u00bb30&Prime; override_padding=\u00a0\u00bbyes\u00a0\u00bb h_padding=\u00a0\u00bb4&Prime; top_padding=\u00a0\u00bb5&Prime; bottom_padding=\u00a0\u00bb5&Prime; back_color=\u00a0\u00bbaccent\u00a0\u00bb back_image=\u00a0\u00bb141155&Prime; parallax=\u00a0\u00bbyes\u00a0\u00bb overlay_color=\u00a0\u00bbaccent\u00a0\u00bb overlay_alpha=\u00a0\u00bb80&Prime; overlay_color_blend=\u00a0\u00bbmultiply\u00a0\u00bb equal_height=\u00a0\u00bbyes\u00a0\u00bb gutter_size=\u00a0\u00bb4&Prime; column_width_percent=\u00a0\u00bb100&Prime; shift_y=\u00a0\u00bb0&Prime; z_index=\u00a0\u00bb0&Prime; content_parallax=\u00a0\u00bb0&Prime; uncode_shortcode_id=\u00a0\u00bb795898&Prime; back_color_type=\u00a0\u00bbuncode-palette\u00a0\u00bb overlay_color_type=\u00a0\u00bbuncode-palette\u00a0\u00bb][vc_column column_width_percent=\u00a0\u00bb100&Prime; position_vertical=\u00a0\u00bbmiddle\u00a0\u00bb align_horizontal=\u00a0\u00bbalign_center\u00a0\u00bb gutter_size=\u00a0\u00bb3&Prime; style=\u00a0\u00bbdark\u00a0\u00bb overlay_alpha=\u00a0\u00bb50&Prime; shift_x=\u00a0\u00bb0&Prime; shift_y=\u00a0\u00bb0&Prime; shift_y_down=\u00a0\u00bb0&Prime; z_index=\u00a0\u00bb0&Prime; medium_width=\u00a0\u00bb0&Prime; mobile_width=\u00a0\u00bb0&Prime; width=\u00a0\u00bb1\/1&Prime;][vc_custom_heading heading_semantic=\u00a0\u00bbh3&Prime; uncode_shortcode_id=\u00a0\u00bb129659&Prime;]Comment prot\u00e9ger des \u0153uvres par le droit d\u2019auteur[\/vc_custom_heading][vc_column_text uncode_shortcode_id=\u00a0\u00bb171093&Prime;]<span style=\"font-weight: 400;\">Le droit d\u2019auteur est automatiquement accord\u00e9 d\u00e8s qu\u2019une \u0153uvre originale est cr\u00e9\u00e9e \u2014\u00a0qu\u2019elle soit \u00e9crite, enregistr\u00e9e ou sauvegard\u00e9e sous forme de fichier, elle vous appartient.<\/span>[\/vc_column_text][\/vc_column][\/vc_row][vc_row][vc_column width=\u00a0\u00bb1\/1&Prime;][\/vc_column][\/vc_row]<\/p>\n<\/div>","protected":false},"excerpt":{"rendered":"<p>Simplified Mechanical Licensing for Small-Scale Projects<\/p>\n","protected":false},"author":5,"featured_media":0,"parent":146832,"menu_order":0,"comment_status":"closed","ping_status":"closed","template":"","meta":{"footnotes":""},"class_list":["post-146898","page","type-page","status-publish","hentry"],"yoast_head":"<!-- This site is optimized with the Yoast SEO plugin v27.4 - https:\/\/yoast.com\/product\/yoast-seo-wordpress\/ -->\n<title>comprendre le droit d\u2019auteur dans musical - CMRRA<\/title>\n<meta name=\"robots\" content=\"index, follow, max-snippet:-1, max-image-preview:large, max-video-preview:-1\" \/>\n<link rel=\"canonical\" href=\"https:\/\/cmrra.ca\/fr\/ce-que-nous-faisons\/comprendre-le-droit-dauteur-dans-musical\/\" \/>\n<meta property=\"og:locale\" content=\"fr_FR\" \/>\n<meta property=\"og:type\" content=\"article\" \/>\n<meta property=\"og:title\" content=\"comprendre le droit d\u2019auteur dans musical - CMRRA\" \/>\n<meta property=\"og:description\" content=\"Simplified Mechanical Licensing for Small-Scale Projects\" \/>\n<meta property=\"og:url\" content=\"https:\/\/cmrra.ca\/fr\/ce-que-nous-faisons\/comprendre-le-droit-dauteur-dans-musical\/\" \/>\n<meta property=\"og:site_name\" content=\"CMRRA\" \/>\n<meta property=\"article:publisher\" content=\"https:\/\/www.facebook.com\/CMRRA\/\" \/>\n<meta property=\"article:modified_time\" content=\"2025-11-26T23:12:22+00:00\" \/>\n<meta name=\"twitter:card\" content=\"summary_large_image\" \/>\n<meta name=\"twitter:label1\" content=\"Est. reading time\" \/>\n\t<meta name=\"twitter:data1\" content=\"3 minutes\" \/>\n<script type=\"application\/ld+json\" class=\"yoast-schema-graph\">{\"@context\":\"https:\\\/\\\/schema.org\",\"@graph\":[{\"@type\":\"WebPage\",\"@id\":\"https:\\\/\\\/cmrra.ca\\\/fr\\\/ce-que-nous-faisons\\\/comprendre-le-droit-dauteur-dans-musical\\\/\",\"url\":\"https:\\\/\\\/cmrra.ca\\\/fr\\\/ce-que-nous-faisons\\\/comprendre-le-droit-dauteur-dans-musical\\\/\",\"name\":\"comprendre le droit d\u2019auteur dans musical - CMRRA\",\"isPartOf\":{\"@id\":\"https:\\\/\\\/cmrra.ca\\\/fr\\\/#website\"},\"datePublished\":\"2025-11-26T23:06:00+00:00\",\"dateModified\":\"2025-11-26T23:12:22+00:00\",\"breadcrumb\":{\"@id\":\"https:\\\/\\\/cmrra.ca\\\/fr\\\/ce-que-nous-faisons\\\/comprendre-le-droit-dauteur-dans-musical\\\/#breadcrumb\"},\"inLanguage\":\"fr-FR\",\"potentialAction\":[{\"@type\":\"ReadAction\",\"target\":[\"https:\\\/\\\/cmrra.ca\\\/fr\\\/ce-que-nous-faisons\\\/comprendre-le-droit-dauteur-dans-musical\\\/\"]}]},{\"@type\":\"BreadcrumbList\",\"@id\":\"https:\\\/\\\/cmrra.ca\\\/fr\\\/ce-que-nous-faisons\\\/comprendre-le-droit-dauteur-dans-musical\\\/#breadcrumb\",\"itemListElement\":[{\"@type\":\"ListItem\",\"position\":1,\"name\":\"Home\",\"item\":\"https:\\\/\\\/www.cmrra.ca\\\/fr\\\/\"},{\"@type\":\"ListItem\",\"position\":2,\"name\":\"Ce que nous faisons\",\"item\":\"https:\\\/\\\/cmrra.ca\\\/fr\\\/ce-que-nous-faisons\\\/\"},{\"@type\":\"ListItem\",\"position\":3,\"name\":\"comprendre le droit d\u2019auteur dans musical\"}]},{\"@type\":\"WebSite\",\"@id\":\"https:\\\/\\\/cmrra.ca\\\/fr\\\/#website\",\"url\":\"https:\\\/\\\/cmrra.ca\\\/fr\\\/\",\"name\":\"CMRRA\",\"description\":\"Canadian Music Reproduction Rights Agency\",\"publisher\":{\"@id\":\"https:\\\/\\\/cmrra.ca\\\/fr\\\/#organization\"},\"potentialAction\":[{\"@type\":\"SearchAction\",\"target\":{\"@type\":\"EntryPoint\",\"urlTemplate\":\"https:\\\/\\\/cmrra.ca\\\/fr\\\/?s={search_term_string}\"},\"query-input\":{\"@type\":\"PropertyValueSpecification\",\"valueRequired\":true,\"valueName\":\"search_term_string\"}}],\"inLanguage\":\"fr-FR\"},{\"@type\":\"Organization\",\"@id\":\"https:\\\/\\\/cmrra.ca\\\/fr\\\/#organization\",\"name\":\"Canadian Musical Reproduction Rights Agency\",\"url\":\"https:\\\/\\\/cmrra.ca\\\/fr\\\/\",\"logo\":{\"@type\":\"ImageObject\",\"inLanguage\":\"fr-FR\",\"@id\":\"https:\\\/\\\/cmrra.ca\\\/fr\\\/#\\\/schema\\\/logo\\\/image\\\/\",\"url\":\"https:\\\/\\\/ffb593fef5b9e79625346b2de7667ac0\\\/wp-content\\\/uploads\\\/2025\\\/12\\\/cmrra-logo-50th-square.jpg\",\"contentUrl\":\"https:\\\/\\\/ffb593fef5b9e79625346b2de7667ac0\\\/wp-content\\\/uploads\\\/2025\\\/12\\\/cmrra-logo-50th-square.jpg\",\"width\":696,\"height\":696,\"caption\":\"Canadian Musical Reproduction Rights Agency\"},\"image\":{\"@id\":\"https:\\\/\\\/cmrra.ca\\\/fr\\\/#\\\/schema\\\/logo\\\/image\\\/\"},\"sameAs\":[\"https:\\\/\\\/www.facebook.com\\\/CMRRA\\\/\"]}]}<\/script>\n<!-- \/ Yoast SEO plugin. -->","yoast_head_json":{"title":"comprendre le droit d\u2019auteur dans musical - CMRRA","robots":{"index":"index","follow":"follow","max-snippet":"max-snippet:-1","max-image-preview":"max-image-preview:large","max-video-preview":"max-video-preview:-1"},"canonical":"https:\/\/cmrra.ca\/fr\/ce-que-nous-faisons\/comprendre-le-droit-dauteur-dans-musical\/","og_locale":"fr_FR","og_type":"article","og_title":"comprendre le droit d\u2019auteur dans musical - CMRRA","og_description":"Simplified Mechanical Licensing for Small-Scale Projects","og_url":"https:\/\/cmrra.ca\/fr\/ce-que-nous-faisons\/comprendre-le-droit-dauteur-dans-musical\/","og_site_name":"CMRRA","article_publisher":"https:\/\/www.facebook.com\/CMRRA\/","article_modified_time":"2025-11-26T23:12:22+00:00","twitter_card":"summary_large_image","twitter_misc":{"Est. reading time":"3 minutes"},"schema":{"@context":"https:\/\/schema.org","@graph":[{"@type":"WebPage","@id":"https:\/\/cmrra.ca\/fr\/ce-que-nous-faisons\/comprendre-le-droit-dauteur-dans-musical\/","url":"https:\/\/cmrra.ca\/fr\/ce-que-nous-faisons\/comprendre-le-droit-dauteur-dans-musical\/","name":"comprendre le droit d\u2019auteur dans musical - CMRRA","isPartOf":{"@id":"https:\/\/cmrra.ca\/fr\/#website"},"datePublished":"2025-11-26T23:06:00+00:00","dateModified":"2025-11-26T23:12:22+00:00","breadcrumb":{"@id":"https:\/\/cmrra.ca\/fr\/ce-que-nous-faisons\/comprendre-le-droit-dauteur-dans-musical\/#breadcrumb"},"inLanguage":"fr-FR","potentialAction":[{"@type":"ReadAction","target":["https:\/\/cmrra.ca\/fr\/ce-que-nous-faisons\/comprendre-le-droit-dauteur-dans-musical\/"]}]},{"@type":"BreadcrumbList","@id":"https:\/\/cmrra.ca\/fr\/ce-que-nous-faisons\/comprendre-le-droit-dauteur-dans-musical\/#breadcrumb","itemListElement":[{"@type":"ListItem","position":1,"name":"Home","item":"https:\/\/www.cmrra.ca\/fr\/"},{"@type":"ListItem","position":2,"name":"Ce que nous faisons","item":"https:\/\/cmrra.ca\/fr\/ce-que-nous-faisons\/"},{"@type":"ListItem","position":3,"name":"comprendre le droit d\u2019auteur dans musical"}]},{"@type":"WebSite","@id":"https:\/\/cmrra.ca\/fr\/#website","url":"https:\/\/cmrra.ca\/fr\/","name":"CMRRA","description":"Canadian Music Reproduction Rights Agency","publisher":{"@id":"https:\/\/cmrra.ca\/fr\/#organization"},"potentialAction":[{"@type":"SearchAction","target":{"@type":"EntryPoint","urlTemplate":"https:\/\/cmrra.ca\/fr\/?s={search_term_string}"},"query-input":{"@type":"PropertyValueSpecification","valueRequired":true,"valueName":"search_term_string"}}],"inLanguage":"fr-FR"},{"@type":"Organization","@id":"https:\/\/cmrra.ca\/fr\/#organization","name":"Canadian Musical Reproduction Rights Agency","url":"https:\/\/cmrra.ca\/fr\/","logo":{"@type":"ImageObject","inLanguage":"fr-FR","@id":"https:\/\/cmrra.ca\/fr\/#\/schema\/logo\/image\/","url":"https:\/\/ffb593fef5b9e79625346b2de7667ac0\/wp-content\/uploads\/2025\/12\/cmrra-logo-50th-square.jpg","contentUrl":"https:\/\/ffb593fef5b9e79625346b2de7667ac0\/wp-content\/uploads\/2025\/12\/cmrra-logo-50th-square.jpg","width":696,"height":696,"caption":"Canadian Musical Reproduction Rights Agency"},"image":{"@id":"https:\/\/cmrra.ca\/fr\/#\/schema\/logo\/image\/"},"sameAs":["https:\/\/www.facebook.com\/CMRRA\/"]}]}},"featured_image_src":null,"featured_image_src_square":null,"_links":{"self":[{"href":"https:\/\/cmrra.ca\/fr\/wp-json\/wp\/v2\/pages\/146898","targetHints":{"allow":["GET"]}}],"collection":[{"href":"https:\/\/cmrra.ca\/fr\/wp-json\/wp\/v2\/pages"}],"about":[{"href":"https:\/\/cmrra.ca\/fr\/wp-json\/wp\/v2\/types\/page"}],"author":[{"embeddable":true,"href":"https:\/\/cmrra.ca\/fr\/wp-json\/wp\/v2\/users\/5"}],"replies":[{"embeddable":true,"href":"https:\/\/cmrra.ca\/fr\/wp-json\/wp\/v2\/comments?post=146898"}],"version-history":[{"count":0,"href":"https:\/\/cmrra.ca\/fr\/wp-json\/wp\/v2\/pages\/146898\/revisions"}],"up":[{"embeddable":true,"href":"https:\/\/cmrra.ca\/fr\/wp-json\/wp\/v2\/pages\/146832"}],"wp:attachment":[{"href":"https:\/\/cmrra.ca\/fr\/wp-json\/wp\/v2\/media?parent=146898"}],"curies":[{"name":"wp","href":"https:\/\/api.w.org\/{rel}","templated":true}]}}