{"id":146896,"date":"2025-11-26T22:36:35","date_gmt":"2025-11-26T22:36:35","guid":{"rendered":"https:\/\/cmrra.ca\/?page_id=146896"},"modified":"2025-11-28T18:49:10","modified_gmt":"2025-11-28T18:49:10","slug":"adherez-a-la-cmrra","status":"publish","type":"page","link":"https:\/\/cmrra.ca\/fr\/payer-a-la-fabrication\/adherez-a-la-cmrra\/","title":{"rendered":"Adh\u00e9rez \u00e0 la CMRRA"},"content":{"rendered":"<div class=\"wpb-content-wrapper\"><p>[vc_row row_height_percent=\u00a0\u00bb50&Prime; override_padding=\u00a0\u00bbyes\u00a0\u00bb h_padding=\u00a0\u00bb2&Prime; top_padding=\u00a0\u00bb2&Prime; bottom_padding=\u00a0\u00bb2&Prime; back_color=\u00a0\u00bbaccent\u00a0\u00bb back_image=\u00a0\u00bb145121&Prime; back_position=\u00a0\u00bbcenter bottom\u00a0\u00bb parallax=\u00a0\u00bbyes\u00a0\u00bb overlay_color=\u00a0\u00bbaccent\u00a0\u00bb overlay_alpha=\u00a0\u00bb35&Prime; overlay_color_blend=\u00a0\u00bbdarken\u00a0\u00bb gutter_size=\u00a0\u00bb3&Prime; column_width_percent=\u00a0\u00bb100&Prime; shift_y=\u00a0\u00bb0&Prime; z_index=\u00a0\u00bb0&Prime; content_parallax=\u00a0\u00bb0&Prime; uncode_shortcode_id=\u00a0\u00bb367600&Prime; back_color_type=\u00a0\u00bbuncode-palette\u00a0\u00bb overlay_color_type=\u00a0\u00bbuncode-palette\u00a0\u00bb row_height_pixel=\u00a0\u00bb40&Prime;][vc_column column_width_use_pixel=\u00a0\u00bbyes\u00a0\u00bb position_vertical=\u00a0\u00bbmiddle\u00a0\u00bb align_horizontal=\u00a0\u00bbalign_center\u00a0\u00bb gutter_size=\u00a0\u00bb2&Prime; style=\u00a0\u00bbdark\u00a0\u00bb overlay_alpha=\u00a0\u00bb50&Prime; shift_x=\u00a0\u00bb0&Prime; shift_y=\u00a0\u00bb0&Prime; shift_y_down=\u00a0\u00bb0&Prime; z_index=\u00a0\u00bb0&Prime; medium_width=\u00a0\u00bb0&Prime; mobile_width=\u00a0\u00bb0&Prime; width=\u00a0\u00bb1\/1&Prime; column_width_pixel=\u00a0\u00bb900&Prime;][vc_custom_heading heading_semantic=\u00a0\u00bbh5&Prime; text_size=\u00a0\u00bbfontsize-160000&Prime; text_transform=\u00a0\u00bbuppercase\u00a0\u00bb text_space=\u00a0\u00bbfontspace-135905&Prime; uncode_shortcode_id=\u00a0\u00bb161003&Prime;]Payer \u00e0 la fabrication[\/vc_custom_heading][vc_custom_heading heading_semantic=\u00a0\u00bbh4&Prime; text_font=\u00a0\u00bbfont-136269&Prime; text_size=\u00a0\u00bbfontsize-338686&Prime; uncode_shortcode_id=\u00a0\u00bb633919&Prime;]Adh\u00e9rez \u00e0 la CMRRA[\/vc_custom_heading][vc_empty_space empty_h=\u00a0\u00bb0&Prime;][\/vc_column][\/vc_row][vc_row row_height_percent=\u00a0\u00bb0&Prime; override_padding=\u00a0\u00bbyes\u00a0\u00bb h_padding=\u00a0\u00bb0&Prime; top_padding=\u00a0\u00bb3&Prime; bottom_padding=\u00a0\u00bb4&Prime; overlay_alpha=\u00a0\u00bb50&Prime; gutter_size=\u00a0\u00bb3&Prime; column_width_percent=\u00a0\u00bb100&Prime; shift_y=\u00a0\u00bb0&Prime; z_index=\u00a0\u00bb0&Prime; content_parallax=\u00a0\u00bb0&Prime; uncode_shortcode_id=\u00a0\u00bb119232&Prime;][vc_column width=\u00a0\u00bb1\/1&Prime;][vc_column_text uncode_shortcode_id=\u00a0\u00bb756769&Prime;]<\/p>\n<h2>Qui peut y adh\u00e9rer<\/h2>\n<p><strong>1. \u00c9diteurs de musique qui g\u00e8rent un seul compte (b\u00e9n\u00e9ficiaire)<\/strong><br \/>\nToute personne, entreprise ou organisme qui d\u00e9tient ou g\u00e8re une ou plusieurs \u0153uvres musicales au Canada peut adh\u00e9rer \u00e0 la CMRRA.<\/p>\n<p><strong>2. \u00c9diteurs administrateurs<\/strong><br \/>\nLes personnes qui g\u00e8rent plusieurs comptes (les b\u00e9n\u00e9ficiaires) ou les tiers repr\u00e9sentant plusieurs comptes, p. ex., des cabinets d\u2019avocats, des soci\u00e9t\u00e9s de gestion.<\/p>\n<p><strong>3. Auteurs-compositeurs et auteures-compositrices ind\u00e9pendantes qui g\u00e8rent leurs propres droits d\u2019auteur<\/strong><br \/>\nSi vous \u00eates un auteur-compositeur ou une auteure-compositrice qui n\u2019a pas c\u00e9d\u00e9 ses droits d\u2019auteur (parfois appel\u00e9s copyrights, catalogues) \u00e0 un \u00e9diteur, un administrateur ou un service tiers, vous \u00eates en fait l\u2019\u00e9diteur (\u00e9galement appel\u00e9 auteur-compositeur ou auteure-compositrice ind\u00e9pendante), vous pouvez adh\u00e9rer \u00e0 la CMRRA sous votre propre nom ou sous le nom d\u2019une soci\u00e9t\u00e9 enregistr\u00e9e.[\/vc_column_text][vc_separator sep_color=\u00a0\u00bbcolor-lxmt\u00a0\u00bb uncode_shortcode_id=\u00a0\u00bb112655&Prime; sep_color_type=\u00a0\u00bbuncode-palette\u00a0\u00bb][vc_column_text uncode_shortcode_id=\u00a0\u00bb127958&Prime;]<\/p>\n<h2>Comment adh\u00e9rer<\/h2>\n<p>Il est tr\u00e8s simple de commencer \u00e0 travailler avec la CMRRA : il suffit de soumettre les formulaires requis et d\u2019enregistrer vos chansons. Suivez les \u00e9tapes ci-dessous pour concr\u00e9tiser votre adh\u00e9sion.[\/vc_column_text][vc_button button_color=\u00a0\u00bbaccent\u00a0\u00bb border_width=\u00a0\u00bb0&Prime; link=\u00a0\u00bburl:%2Fforms%2Ffran%C3%A7ais%2Ftroussedaffiliation%2Ftrousse-d%E2%80%99affiliation-%C3%A0-la-CMRRA.pdf|target:_blank\u00a0\u00bb button_color_type=\u00a0\u00bbuncode-palette\u00a0\u00bb uncode_shortcode_id=\u00a0\u00bb119762&Prime;]Adh\u00e9rez \u00e0 la CMRRA[\/vc_button][vc_separator sep_color=\u00a0\u00bbcolor-lxmt\u00a0\u00bb uncode_shortcode_id=\u00a0\u00bb112655&Prime; sep_color_type=\u00a0\u00bbuncode-palette\u00a0\u00bb][vc_column_text uncode_shortcode_id=\u00a0\u00bb856466&Prime;]<\/p>\n<h3>\u00c9tape 1 : Soumettre les formulaires de demande d\u2019adh\u00e9sion<\/h3>\n<p>Veuillez remplir et envoyer les documents requis qui figurent dans l\u2019 <a href=\"\/forms\/affiliationagreement\/CMRRA-Affiliation-Agreement.pdf\"><strong><span style=\"color: #092164;\">accord de collaboration avec la CMRRA<\/span><\/strong><\/a>:<\/p>\n<p><strong><span style=\"color: #000000;\">1. Liste de contr\u00f4le pour le choix de l\u2019adh\u00e9sion (p. 2) :<\/span><\/strong> Indiquez le \u00ab nom de l\u2019\u00e9diteur \u00bb sous lequel vous souhaitez vous affilier. Il peut s\u2019agir de votre propre nom si vous n\u2019avez pas de nom d\u2019\u00e9diteur distinct. Si vous disposez d\u2019un num\u00e9ro IPI d\u2019\u00e9diteur, indiquez-le; sinon, laissez cette section vide. Assurez-vous que les choix appropri\u00e9s ont \u00e9t\u00e9 paraph\u00e9s et dat\u00e9s.<\/p>\n<p><strong><span style=\"color: #000000;\">2. Formulaire d\u2019autorisation de transfert \u00e9lectronique de fonds (EFTA) (p. 3) :<\/span><\/strong> Remplissez ce formulaire si vous avez un compte bancaire au Canada ou aux \u00c9tats-Unis. Sinon, veuillez le signaler dans le formulaire et nous entrerons en contact avec vous.<\/p>\n<p><strong><span style=\"color: #000000;\">3. Formulaire de ch\u00e8que annul\u00e9 ou de d\u00e9p\u00f4t direct :<\/span><\/strong> Ceci est n\u00e9cessaire pour traiter votre adh\u00e9sion si vous soumettez le formulaire EFTA.<\/p>\n<p>Laissez la CMRRA faciliter la perception de vos <strong><a href=\"https:\/\/cmrra.ca\/fr\/payer-a-la-fabrication\/international-collections\/\" target=\"_blank\" rel=\"noopener\"><span style=\"color: #092164;\">redevances \u00e0 l\u2019international<\/span><\/a><\/strong>. Gr\u00e2ce \u00e0 notre partenariat avec SX Works, la CMRRA est fi\u00e8re de collaborer avec des organismes internationaux tels que <strong><a href=\"https:\/\/www.themlc.com\/\" target=\"_blank\" rel=\"noopener\"><span style=\"color: #092164;\">Mechanical Licensing Collective (MLC)<\/span><\/a><\/strong> et <strong><a href=\"https:\/\/www.impel-music.com\/\" target=\"_blank\" rel=\"noopener\"><span style=\"color: #092164;\">Independent Music Publishers International Licensing (IMPEL)<\/span><\/a><\/strong> pour offrir aux \u00e9diteurs de musique et aux auteurs-compositeurs et auteures-compositrices ind\u00e9pendantes une option leur permettant, en leur nom, de n\u00e9gocier des licences internationales et de percevoir des redevances.<\/p>\n<p><strong>Vous souhaitez vous inscrire aupr\u00e8s de SX Works ?<\/strong> Cliquez ci-dessous pour en savoir plus et d\u00e9marrer le processus.[\/vc_column_text][vc_button button_color=\u00a0\u00bbaccent\u00a0\u00bb border_width=\u00a0\u00bb0&Prime; link=\u00a0\u00bburl:%2Fforms%2Ffran%C3%A7ais%2Fredevancesinternationales%2FContrat-d-affiliation-SX-Works.pdf|target:_blank\u00a0\u00bb button_color_type=\u00a0\u00bbuncode-palette\u00a0\u00bb uncode_shortcode_id=\u00a0\u00bb176115&Prime;]Adh\u00e9rez \u00e0 SX Works[\/vc_button][vc_column_text uncode_shortcode_id=\u00a0\u00bb155161&Prime;]Faites suivre les formulaires d\u2019adh\u00e9sion d\u00fbment remplis \u00e0 notre \u00e9quipe d\u2019inscription \u00e0 <a href=\"mailto:registrations@cmrra.ca\"><span style=\"color: #092164;\">registrations@cmrra.ca.<\/span><\/a> Vous recevrez imm\u00e9diatement une r\u00e9ponse automatique confirmant la r\u00e9ception de votre demande. Si nous avons besoin d\u2019informations suppl\u00e9mentaires, nous communiquerons avec vous. Sinon, vous recevrez votre copie contresign\u00e9e dans les 5 \u00e0 10 jours ouvrables qui suivent. Une fois que vous aurez re\u00e7u l\u2019accord contresign\u00e9 et votre num\u00e9ro de compte, vous pouvez commencer \u00e0 enregistrer vos chansons.[\/vc_column_text][vc_separator sep_color=\u00a0\u00bbcolor-lxmt\u00a0\u00bb uncode_shortcode_id=\u00a0\u00bb112655&Prime; sep_color_type=\u00a0\u00bbuncode-palette\u00a0\u00bb][vc_column_text uncode_shortcode_id=\u00a0\u00bb210635&Prime;]<\/p>\n<h3>\u00c9tape 2 : Enregistrez vos chansons<\/h3>\n<p>Aussit\u00f4t votre dossier accept\u00e9, vous pouvez commencer \u00e0 b\u00e2tir votre catalogue, c\u2019est-\u00e0-dire dresser la liste des titres de chansons que vous soumettez pour obtenir des redevances. Il y a trois fa\u00e7ons d\u2019y parvenir.<\/p>\n<p><a href=\"https:\/\/cmrra.ca\/cmrra-song-registration-form\/\" target=\"_blank\" rel=\"noopener\"><strong><span style=\"color: #092164;\">1. CMRRA Song Registration Form:<\/span><\/strong><\/a> Ce formulaire vous permet de fournir facilement des informations sur la propri\u00e9t\u00e9 de plusieurs \u0153uvres musicales. Il peut \u00e9galement \u00eatre utilis\u00e9 pour apporter des modifications \u00e0 des d\u00e9clarations existantes. Une fois qu\u2019il est d\u00fbment rempli, envoyez-le \u00e0 registrations@cmrra.ca.<\/p>\n<p><a href=\"https:\/\/cmrradirect.cmrra.ca\/Account\/Login.aspx\" target=\"_blank\" rel=\"noopener\"><strong><span style=\"color: #092164;\">2. Single Song Registration via CMRRA Direct:<\/span> <\/strong><\/a>Cet outil du portail CMRRA Direct prend en charge l\u2019enregistrement de chansons individuelles et est destin\u00e9 aux \u0153uvres prioritaires individuelles faisant l\u2019objet d\u2019une activit\u00e9 (diffusion en continu, diffusion \u00e0 la radio ou autres types d\u2019utilisation).<\/p>\n<p><a href=\"\/docs\/common-works-registration-cwr-help-guide\/\" target=\"_blank\" rel=\"noopener\"><strong><span style=\"color: #092164;\">3. Common Works Registration (CWR):<\/span><\/strong><\/a> Si vous avez un catalogue important d\u2019\u0153uvres \u00e0 enregistrer ou plusieurs catalogues \u00e0 g\u00e9rer, le format Common Works Registration (CWR) est utilis\u00e9 par de nombreux \u00e9diteurs de musique. Pour en savoir plus, veuillez consulter les informations d\u00e9taill\u00e9es dans le <a href=\"https:\/\/cmrra.ca\/docs\/common-works-registration-cwr-help-guide\/\"><span style=\"color: #092164;\">Help Guide<\/span><\/a>.[\/vc_column_text][vc_separator sep_color=\u00a0\u00bbcolor-lxmt\u00a0\u00bb uncode_shortcode_id=\u00a0\u00bb112655&Prime; sep_color_type=\u00a0\u00bbuncode-palette\u00a0\u00bb][vc_column_text uncode_shortcode_id=\u00a0\u00bb940575&Prime;]<\/p>\n<h3>\u00c9tape 3 : Inscrivez-vous \u00e0 CMRRA Direct<\/h3>\n<p><span style=\"font-weight: 400;\">D\u00e8s que votre adh\u00e9sion \u00e0 la CMRRA est accept\u00e9e, ce portail vous donne acc\u00e8s en toute s\u00e9curit\u00e9 \u00e0 vos \u0153uvres, aux d\u00e9tails de vos licences, \u00e0 vos redevances, et plus encore.<\/span><\/p>\n<p><span style=\"font-weight: 400;\">Si vous \u00eates \u00e9diteur de musique, gestionnaire, auteur-compositeur ou auteure-compositrice ind\u00e9pendante, cliquez <\/span><a href=\"https:\/\/cmrra.ca\/docs\/how-to-register-for-a-cmrra-direct-publisher-user-account\/\"><span style=\"font-weight: 400;\">ici<\/span><\/a><span style=\"font-weight: 400;\"> pour en savoir plus ou vous inscrire.<\/span>[\/vc_column_text][vc_separator sep_color=\u00a0\u00bbcolor-lxmt\u00a0\u00bb uncode_shortcode_id=\u00a0\u00bb112655&Prime; sep_color_type=\u00a0\u00bbuncode-palette\u00a0\u00bb][vc_column_text uncode_shortcode_id=\u00a0\u00bb202057&Prime;]<\/p>\n<h3>Soumission de vos formulaires<\/h3>\n<p>Le formulaire d\u2019aceptation de l\u2019adh\u00e9sion, les documents bancaires justificatifs et le formulaire d\u2019enregistrement des chansons peuvent \u00eatre envoy\u00e9s par courriel \u00e0 registrations@cmrra.ca. Si vous ne pouvez pas les envoyer par cette voie, vous pouvez \u00e9galement le faire par t\u00e9l\u00e9copieur au 416 926-7521 ou par la poste \u00e0 l\u2019adresse suivante :<\/p>\n<p><strong style=\"color: #092164;\">CMRRA<br \/>\n56, rue Wellesley Ouest, Bureau 320<br \/>\nToronto, Ontario M5S 2S3<\/strong>[\/vc_column_text][\/vc_column][\/vc_row]<\/p>\n<\/div>","protected":false},"excerpt":{"rendered":"<p>[vc_row row_height_percent=\u00a0\u00bb50&Prime; override_padding=\u00a0\u00bbyes\u00a0\u00bb h_padding=\u00a0\u00bb2&Prime; top_padding=\u00a0\u00bb2&Prime; bottom_padding=\u00a0\u00bb2&Prime; back_color=\u00a0\u00bbaccent\u00a0\u00bb back_image=\u00a0\u00bb145121&Prime; back_position=\u00a0\u00bbcenter bottom\u00a0\u00bb parallax=\u00a0\u00bbyes\u00a0\u00bb overlay_color=\u00a0\u00bbaccent\u00a0\u00bb overlay_alpha=\u00a0\u00bb35&Prime; overlay_color_blend=\u00a0\u00bbdarken\u00a0\u00bb gutter_size=\u00a0\u00bb3&Prime; column_width_percent=\u00a0\u00bb100&Prime; shift_y=\u00a0\u00bb0&Prime; z_index=\u00a0\u00bb0&Prime; content_parallax=\u00a0\u00bb0&Prime; uncode_shortcode_id=\u00a0\u00bb367600&Prime; [&hellip;]<\/p>\n","protected":false},"author":5,"featured_media":0,"parent":146834,"menu_order":0,"comment_status":"closed","ping_status":"closed","template":"","meta":{"footnotes":""},"class_list":["post-146896","page","type-page","status-publish","hentry"],"yoast_head":"<!-- This site is optimized with the Yoast SEO plugin v26.8 - https:\/\/yoast.com\/product\/yoast-seo-wordpress\/ -->\n<title>Adh\u00e9rez \u00e0 la CMRRA - CMRRA<\/title>\n<meta name=\"robots\" content=\"index, follow, max-snippet:-1, max-image-preview:large, max-video-preview:-1\" \/>\n<link rel=\"canonical\" href=\"https:\/\/cmrra.ca\/fr\/payer-a-la-fabrication\/adherez-a-la-cmrra\/\" \/>\n<meta property=\"og:locale\" content=\"fr_FR\" \/>\n<meta property=\"og:type\" content=\"article\" \/>\n<meta property=\"og:title\" content=\"Adh\u00e9rez \u00e0 la CMRRA - CMRRA\" \/>\n<meta property=\"og:description\" content=\"[vc_row row_height_percent=\u00a0\u00bb50&Prime; override_padding=\u00a0\u00bbyes\u00a0\u00bb h_padding=\u00a0\u00bb2&Prime; top_padding=\u00a0\u00bb2&Prime; bottom_padding=\u00a0\u00bb2&Prime; back_color=\u00a0\u00bbaccent\u00a0\u00bb back_image=\u00a0\u00bb145121&Prime; back_position=\u00a0\u00bbcenter bottom\u00a0\u00bb parallax=\u00a0\u00bbyes\u00a0\u00bb overlay_color=\u00a0\u00bbaccent\u00a0\u00bb overlay_alpha=\u00a0\u00bb35&Prime; overlay_color_blend=\u00a0\u00bbdarken\u00a0\u00bb gutter_size=\u00a0\u00bb3&Prime; column_width_percent=\u00a0\u00bb100&Prime; shift_y=\u00a0\u00bb0&Prime; z_index=\u00a0\u00bb0&Prime; content_parallax=\u00a0\u00bb0&Prime; uncode_shortcode_id=\u00a0\u00bb367600&Prime; [&hellip;]\" \/>\n<meta property=\"og:url\" content=\"https:\/\/cmrra.ca\/fr\/payer-a-la-fabrication\/adherez-a-la-cmrra\/\" \/>\n<meta property=\"og:site_name\" content=\"CMRRA\" \/>\n<meta property=\"article:publisher\" content=\"https:\/\/www.facebook.com\/CMRRA\/\" \/>\n<meta property=\"article:modified_time\" content=\"2025-11-28T18:49:10+00:00\" \/>\n<meta name=\"twitter:card\" content=\"summary_large_image\" \/>\n<meta name=\"twitter:label1\" content=\"Est. reading time\" \/>\n\t<meta name=\"twitter:data1\" content=\"4 minutes\" \/>\n<script type=\"application\/ld+json\" class=\"yoast-schema-graph\">{\"@context\":\"https:\/\/schema.org\",\"@graph\":[{\"@type\":\"WebPage\",\"@id\":\"https:\/\/cmrra.ca\/fr\/payer-a-la-fabrication\/adherez-a-la-cmrra\/\",\"url\":\"https:\/\/cmrra.ca\/fr\/payer-a-la-fabrication\/adherez-a-la-cmrra\/\",\"name\":\"Adh\u00e9rez \u00e0 la CMRRA - CMRRA\",\"isPartOf\":{\"@id\":\"https:\/\/cmrra.ca\/fr\/#website\"},\"datePublished\":\"2025-11-26T22:36:35+00:00\",\"dateModified\":\"2025-11-28T18:49:10+00:00\",\"breadcrumb\":{\"@id\":\"https:\/\/cmrra.ca\/fr\/payer-a-la-fabrication\/adherez-a-la-cmrra\/#breadcrumb\"},\"inLanguage\":\"fr-FR\",\"potentialAction\":[{\"@type\":\"ReadAction\",\"target\":[\"https:\/\/cmrra.ca\/fr\/payer-a-la-fabrication\/adherez-a-la-cmrra\/\"]}]},{\"@type\":\"BreadcrumbList\",\"@id\":\"https:\/\/cmrra.ca\/fr\/payer-a-la-fabrication\/adherez-a-la-cmrra\/#breadcrumb\",\"itemListElement\":[{\"@type\":\"ListItem\",\"position\":1,\"name\":\"Home\",\"item\":\"https:\/\/www.cmrra.ca\/fr\/\"},{\"@type\":\"ListItem\",\"position\":2,\"name\":\"Payer \u00e0 la fabrication\",\"item\":\"https:\/\/cmrra.ca\/fr\/get-paid\/\"},{\"@type\":\"ListItem\",\"position\":3,\"name\":\"Adh\u00e9rez \u00e0 la CMRRA\"}]},{\"@type\":\"WebSite\",\"@id\":\"https:\/\/cmrra.ca\/fr\/#website\",\"url\":\"https:\/\/cmrra.ca\/fr\/\",\"name\":\"CMRRA\",\"description\":\"Canadian Music Reproduction Rights Agency\",\"publisher\":{\"@id\":\"https:\/\/cmrra.ca\/fr\/#organization\"},\"potentialAction\":[{\"@type\":\"SearchAction\",\"target\":{\"@type\":\"EntryPoint\",\"urlTemplate\":\"https:\/\/cmrra.ca\/fr\/?s={search_term_string}\"},\"query-input\":{\"@type\":\"PropertyValueSpecification\",\"valueRequired\":true,\"valueName\":\"search_term_string\"}}],\"inLanguage\":\"fr-FR\"},{\"@type\":\"Organization\",\"@id\":\"https:\/\/cmrra.ca\/fr\/#organization\",\"name\":\"Canadian Musical Reproduction Rights Agency\",\"url\":\"https:\/\/cmrra.ca\/fr\/\",\"logo\":{\"@type\":\"ImageObject\",\"inLanguage\":\"fr-FR\",\"@id\":\"https:\/\/cmrra.ca\/fr\/#\/schema\/logo\/image\/\",\"url\":\"https:\/\/ffb593fef5b9e79625346b2de7667ac0\/wp-content\/uploads\/2025\/12\/cmrra-logo-50th-square.jpg\",\"contentUrl\":\"https:\/\/ffb593fef5b9e79625346b2de7667ac0\/wp-content\/uploads\/2025\/12\/cmrra-logo-50th-square.jpg\",\"width\":696,\"height\":696,\"caption\":\"Canadian Musical Reproduction Rights Agency\"},\"image\":{\"@id\":\"https:\/\/cmrra.ca\/fr\/#\/schema\/logo\/image\/\"},\"sameAs\":[\"https:\/\/www.facebook.com\/CMRRA\/\"]}]}<\/script>\n<!-- \/ Yoast SEO plugin. -->","yoast_head_json":{"title":"Adh\u00e9rez \u00e0 la CMRRA - CMRRA","robots":{"index":"index","follow":"follow","max-snippet":"max-snippet:-1","max-image-preview":"max-image-preview:large","max-video-preview":"max-video-preview:-1"},"canonical":"https:\/\/cmrra.ca\/fr\/payer-a-la-fabrication\/adherez-a-la-cmrra\/","og_locale":"fr_FR","og_type":"article","og_title":"Adh\u00e9rez \u00e0 la CMRRA - CMRRA","og_description":"[vc_row row_height_percent=\u00a0\u00bb50&Prime; override_padding=\u00a0\u00bbyes\u00a0\u00bb h_padding=\u00a0\u00bb2&Prime; top_padding=\u00a0\u00bb2&Prime; bottom_padding=\u00a0\u00bb2&Prime; back_color=\u00a0\u00bbaccent\u00a0\u00bb back_image=\u00a0\u00bb145121&Prime; back_position=\u00a0\u00bbcenter bottom\u00a0\u00bb parallax=\u00a0\u00bbyes\u00a0\u00bb overlay_color=\u00a0\u00bbaccent\u00a0\u00bb overlay_alpha=\u00a0\u00bb35&Prime; overlay_color_blend=\u00a0\u00bbdarken\u00a0\u00bb gutter_size=\u00a0\u00bb3&Prime; column_width_percent=\u00a0\u00bb100&Prime; shift_y=\u00a0\u00bb0&Prime; z_index=\u00a0\u00bb0&Prime; content_parallax=\u00a0\u00bb0&Prime; uncode_shortcode_id=\u00a0\u00bb367600&Prime; [&hellip;]","og_url":"https:\/\/cmrra.ca\/fr\/payer-a-la-fabrication\/adherez-a-la-cmrra\/","og_site_name":"CMRRA","article_publisher":"https:\/\/www.facebook.com\/CMRRA\/","article_modified_time":"2025-11-28T18:49:10+00:00","twitter_card":"summary_large_image","twitter_misc":{"Est. reading time":"4 minutes"},"schema":{"@context":"https:\/\/schema.org","@graph":[{"@type":"WebPage","@id":"https:\/\/cmrra.ca\/fr\/payer-a-la-fabrication\/adherez-a-la-cmrra\/","url":"https:\/\/cmrra.ca\/fr\/payer-a-la-fabrication\/adherez-a-la-cmrra\/","name":"Adh\u00e9rez \u00e0 la CMRRA - CMRRA","isPartOf":{"@id":"https:\/\/cmrra.ca\/fr\/#website"},"datePublished":"2025-11-26T22:36:35+00:00","dateModified":"2025-11-28T18:49:10+00:00","breadcrumb":{"@id":"https:\/\/cmrra.ca\/fr\/payer-a-la-fabrication\/adherez-a-la-cmrra\/#breadcrumb"},"inLanguage":"fr-FR","potentialAction":[{"@type":"ReadAction","target":["https:\/\/cmrra.ca\/fr\/payer-a-la-fabrication\/adherez-a-la-cmrra\/"]}]},{"@type":"BreadcrumbList","@id":"https:\/\/cmrra.ca\/fr\/payer-a-la-fabrication\/adherez-a-la-cmrra\/#breadcrumb","itemListElement":[{"@type":"ListItem","position":1,"name":"Home","item":"https:\/\/www.cmrra.ca\/fr\/"},{"@type":"ListItem","position":2,"name":"Payer \u00e0 la fabrication","item":"https:\/\/cmrra.ca\/fr\/get-paid\/"},{"@type":"ListItem","position":3,"name":"Adh\u00e9rez \u00e0 la CMRRA"}]},{"@type":"WebSite","@id":"https:\/\/cmrra.ca\/fr\/#website","url":"https:\/\/cmrra.ca\/fr\/","name":"CMRRA","description":"Canadian Music Reproduction Rights Agency","publisher":{"@id":"https:\/\/cmrra.ca\/fr\/#organization"},"potentialAction":[{"@type":"SearchAction","target":{"@type":"EntryPoint","urlTemplate":"https:\/\/cmrra.ca\/fr\/?s={search_term_string}"},"query-input":{"@type":"PropertyValueSpecification","valueRequired":true,"valueName":"search_term_string"}}],"inLanguage":"fr-FR"},{"@type":"Organization","@id":"https:\/\/cmrra.ca\/fr\/#organization","name":"Canadian Musical Reproduction Rights Agency","url":"https:\/\/cmrra.ca\/fr\/","logo":{"@type":"ImageObject","inLanguage":"fr-FR","@id":"https:\/\/cmrra.ca\/fr\/#\/schema\/logo\/image\/","url":"https:\/\/ffb593fef5b9e79625346b2de7667ac0\/wp-content\/uploads\/2025\/12\/cmrra-logo-50th-square.jpg","contentUrl":"https:\/\/ffb593fef5b9e79625346b2de7667ac0\/wp-content\/uploads\/2025\/12\/cmrra-logo-50th-square.jpg","width":696,"height":696,"caption":"Canadian Musical Reproduction Rights Agency"},"image":{"@id":"https:\/\/cmrra.ca\/fr\/#\/schema\/logo\/image\/"},"sameAs":["https:\/\/www.facebook.com\/CMRRA\/"]}]}},"featured_image_src":null,"featured_image_src_square":null,"_links":{"self":[{"href":"https:\/\/cmrra.ca\/fr\/wp-json\/wp\/v2\/pages\/146896","targetHints":{"allow":["GET"]}}],"collection":[{"href":"https:\/\/cmrra.ca\/fr\/wp-json\/wp\/v2\/pages"}],"about":[{"href":"https:\/\/cmrra.ca\/fr\/wp-json\/wp\/v2\/types\/page"}],"author":[{"embeddable":true,"href":"https:\/\/cmrra.ca\/fr\/wp-json\/wp\/v2\/users\/5"}],"replies":[{"embeddable":true,"href":"https:\/\/cmrra.ca\/fr\/wp-json\/wp\/v2\/comments?post=146896"}],"version-history":[{"count":0,"href":"https:\/\/cmrra.ca\/fr\/wp-json\/wp\/v2\/pages\/146896\/revisions"}],"up":[{"embeddable":true,"href":"https:\/\/cmrra.ca\/fr\/wp-json\/wp\/v2\/pages\/146834"}],"wp:attachment":[{"href":"https:\/\/cmrra.ca\/fr\/wp-json\/wp\/v2\/media?parent=146896"}],"curies":[{"name":"wp","href":"https:\/\/api.w.org\/{rel}","templated":true}]}}