{"id":146875,"date":"2025-11-26T21:09:54","date_gmt":"2025-11-26T21:09:54","guid":{"rendered":"https:\/\/cmrra.ca\/?page_id=146875"},"modified":"2025-12-03T16:32:25","modified_gmt":"2025-12-03T21:32:25","slug":"contact","status":"publish","type":"page","link":"https:\/\/cmrra.ca\/fr\/contact\/","title":{"rendered":"Nous joindre"},"content":{"rendered":"<div class=\"wpb-content-wrapper\"><p>[vc_row row_height_percent=\u00a0\u00bb0&Prime; back_color=\u00a0\u00bbcolor-lxmt\u00a0\u00bb overlay_alpha=\u00a0\u00bb50&Prime; gutter_size=\u00a0\u00bb3&Prime; column_width_percent=\u00a0\u00bb100&Prime; shift_y=\u00a0\u00bb0&Prime; z_index=\u00a0\u00bb0&Prime; uncode_shortcode_id=\u00a0\u00bb101787&Prime; back_color_type=\u00a0\u00bbuncode-palette\u00a0\u00bb][vc_column width=\u00a0\u00bb1\/1&Prime;][\/vc_column][\/vc_row][vc_row row_height_percent=\u00a0\u00bb0&Prime; override_padding=\u00a0\u00bbyes\u00a0\u00bb h_padding=\u00a0\u00bb2&Prime; top_padding=\u00a0\u00bb5&Prime; bottom_padding=\u00a0\u00bb5&Prime; back_color=\u00a0\u00bbcolor-lxmt\u00a0\u00bb overlay_alpha=\u00a0\u00bb50&Prime; equal_height=\u00a0\u00bbyes\u00a0\u00bb gutter_size=\u00a0\u00bb4&Prime; column_width_percent=\u00a0\u00bb100&Prime; shift_y=\u00a0\u00bb0&Prime; z_index=\u00a0\u00bb0&Prime;][vc_column column_width_percent=\u00a0\u00bb100&Prime; position_vertical=\u00a0\u00bbmiddle\u00a0\u00bb gutter_size=\u00a0\u00bb2&Prime; font_family=\u00a0\u00bbfont-846016&Prime; overlay_alpha=\u00a0\u00bb50&Prime; preserve_border=\u00a0\u00bbyes\u00a0\u00bb preserve_border_tablet=\u00a0\u00bbyes\u00a0\u00bb shift_x=\u00a0\u00bb0&Prime; shift_y=\u00a0\u00bb0&Prime; shift_y_down=\u00a0\u00bb0&Prime; z_index=\u00a0\u00bb0&Prime; medium_width=\u00a0\u00bb4&Prime; mobile_width=\u00a0\u00bb0&Prime; width=\u00a0\u00bb1\/2&Prime; uncode_shortcode_id=\u00a0\u00bb107025&Prime;][vc_custom_heading text_color=\u00a0\u00bbaccent\u00a0\u00bb text_font=\u00a0\u00bbfont-136269&Prime; text_size=\u00a0\u00bbfontsize-338686&Prime; text_space=\u00a0\u00bbfontspace-781688&Prime; uncode_shortcode_id=\u00a0\u00bb317305&Prime; text_color_type=\u00a0\u00bbuncode-palette\u00a0\u00bb]Nous aimerions avoir de vos nouvelles[\/vc_custom_heading][vc_column_text uncode_shortcode_id=\u00a0\u00bb755960&Prime;]Pour toute question relative \u00e0 la CMRRA, consultez notre section FAQ. Vous trouverez \u00e9galement des informations utiles sur l\u2019enregistrement des chansons, les licences, l\u2019adh\u00e9sion, et bien plus encore dans notre section Ressources.<\/p>\n<p>Vous avez besoin de plus de renseignements\u00a0? \u00c9crivez-nous.[\/vc_column_text][vc_empty_space empty_h=\u00a0\u00bb1&Prime;][vc_custom_heading heading_semantic=\u00a0\u00bbh5&Prime; text_size=\u00a0\u00bbfontsize-160000&Prime; text_transform=\u00a0\u00bbuppercase\u00a0\u00bb text_space=\u00a0\u00bbfontspace-135905&Prime; uncode_shortcode_id=\u00a0\u00bb116403&Prime; text_color_type=\u00a0\u00bbuncode-solid\u00a0\u00bb text_color_solid=\u00a0\u00bb#012168&Prime;]Questions d\u2019ordre g\u00e9n\u00e9ral[\/vc_custom_heading][vc_column_text uncode_shortcode_id=\u00a0\u00bb137810&Prime;]inquiries@cmrra.ca<br \/>\n416-926-1966[\/vc_column_text][vc_empty_space empty_h=\u00a0\u00bb1&Prime;][vc_custom_heading heading_semantic=\u00a0\u00bbh5&Prime; text_size=\u00a0\u00bbfontsize-160000&Prime; text_transform=\u00a0\u00bbuppercase\u00a0\u00bb text_space=\u00a0\u00bbfontspace-135905&Prime; uncode_shortcode_id=\u00a0\u00bb743709&Prime; text_color_type=\u00a0\u00bbuncode-solid\u00a0\u00bb text_color_solid=\u00a0\u00bb#012168&Prime;]Si\u00e8ge social[\/vc_custom_heading][vc_column_text uncode_shortcode_id=\u00a0\u00bb154499&Prime;]56, rue Wellesley Ouest, Bureau 320<br \/>\nToronto, Ontario M5S\u00a02S3<br \/>\nCanada<\/p>\n<p>Nous pouvons vous fournir des informations adapt\u00e9es \u00e0 vos besoins et des formats particuliers sur demande.[\/vc_column_text][vc_empty_space empty_h=\u00a0\u00bb1&Prime;][vc_custom_heading heading_semantic=\u00a0\u00bbh5&Prime; text_size=\u00a0\u00bbfontsize-160000&Prime; text_transform=\u00a0\u00bbuppercase\u00a0\u00bb text_space=\u00a0\u00bbfontspace-135905&Prime; uncode_shortcode_id=\u00a0\u00bb892903&Prime; text_color_type=\u00a0\u00bbuncode-solid\u00a0\u00bb text_color_solid=\u00a0\u00bb#012168&Prime;]Heures d\u2019ouverture[\/vc_custom_heading][vc_column_text uncode_shortcode_id=\u00a0\u00bb149710&Prime;]9\u00a0h \u00e0 17\u00a0h, du lundi au vendredi<\/p>\n<p>La CMRRA a adopt\u00e9 un mod\u00e8le de travail hybride : le personnel est pr\u00e9sent au bureau les mercredis et jeudis. Nous vous recommandons de prendre rendez-vous avant de vous rendre dans nos bureaux afin de vous assurer que les personnes ad\u00e9quates seront pr\u00e9sentes pour vous aider.[\/vc_column_text][vc_empty_space empty_h=\u00a0\u00bb1&Prime;][uncode_socials][\/vc_column][vc_column column_width_percent=\u00a0\u00bb100&Prime; position_vertical=\u00a0\u00bbmiddle\u00a0\u00bb gutter_size=\u00a0\u00bb3&Prime; override_padding=\u00a0\u00bbyes\u00a0\u00bb column_padding=\u00a0\u00bb3&Prime; font_family=\u00a0\u00bbfont-846016&Prime; back_color=\u00a0\u00bbcolor-xsdn\u00a0\u00bb overlay_alpha=\u00a0\u00bb50&Prime; preserve_border=\u00a0\u00bbyes\u00a0\u00bb preserve_border_tablet=\u00a0\u00bbyes\u00a0\u00bb shift_x=\u00a0\u00bb0&Prime; shift_y=\u00a0\u00bb0&Prime; shift_y_down=\u00a0\u00bb0&Prime; z_index=\u00a0\u00bb0&Prime; medium_width=\u00a0\u00bb4&Prime; mobile_width=\u00a0\u00bb0&Prime; width=\u00a0\u00bb1\/2&Prime; uncode_shortcode_id=\u00a0\u00bb109421&Prime; back_color_type=\u00a0\u00bbuncode-palette\u00a0\u00bb][vc_column_text uncode_shortcode_id=\u00a0\u00bb112257&Prime;]* Veuillez noter que la CMRRA ne d\u00e9livre pas de licences de synchronisation. Pour en obtenir une, vous devez entrer en contact directement avec l\u2019\u00e9diteur de musique ou la personne titulaire des droits de la ou des chansons. Vous pouvez lancer une recherche dans notre base de donn\u00e9es des chansons : <a href=\"https:\/\/cmrradirect.cmrra.ca\/WorkRegistration\/ViewRepertoireList.aspx\" target=\"_blank\" rel=\"noopener\">Song Database<\/a>[\/vc_column_text]\n<div class=\"wpcf7 no-js\" id=\"wpcf7-f146344-o1\" lang=\"en-US\" dir=\"ltr\" data-wpcf7-id=\"146344\">\n<div class=\"screen-reader-response\"><p role=\"status\" aria-live=\"polite\" aria-atomic=\"true\"><\/p> <ul><\/ul><\/div>\n<form action=\"\/fr\/wp-json\/wp\/v2\/pages\/146875#wpcf7-f146344-o1\" method=\"post\" class=\"wpcf7-form init input-background\" aria-label=\"Contact form\" novalidate=\"novalidate\" data-status=\"init\">\n<fieldset class=\"hidden-fields-container\"><input type=\"hidden\" name=\"_wpcf7\" value=\"146344\" \/><input type=\"hidden\" name=\"_wpcf7_version\" value=\"6.1.5\" \/><input type=\"hidden\" name=\"_wpcf7_locale\" value=\"en_US\" \/><input type=\"hidden\" name=\"_wpcf7_unit_tag\" value=\"wpcf7-f146344-o1\" \/><input type=\"hidden\" name=\"_wpcf7_container_post\" value=\"0\" \/><input type=\"hidden\" name=\"_wpcf7_posted_data_hash\" value=\"\" \/><input type=\"hidden\" name=\"_wpcf7_recaptcha_response\" value=\"\" \/>\n<\/fieldset>\n<legend>Ces champs sont requis <em class=\"required\">*<\/em>\n<\/legend>\n<p><label> De:<br \/>\n<span class=\"wpcf7-form-control-wrap\" data-name=\"your-name\"><input size=\"40\" maxlength=\"400\" class=\"wpcf7-form-control wpcf7-text wpcf7-validates-as-required\" autocomplete=\"name\" aria-required=\"true\" aria-invalid=\"false\" value=\"\" type=\"text\" name=\"your-name\" \/><\/span> <\/label>\n<\/p>\n<p><label> Courriel:<br \/>\n<span class=\"wpcf7-form-control-wrap\" data-name=\"your-email\"><input size=\"40\" maxlength=\"400\" class=\"wpcf7-form-control wpcf7-email wpcf7-validates-as-required wpcf7-text wpcf7-validates-as-email\" autocomplete=\"email\" aria-required=\"true\" aria-invalid=\"false\" value=\"\" type=\"email\" name=\"your-email\" \/><\/span> <\/label>\n<\/p>\n<p><label> Sujet:<br \/>\n<span class=\"wpcf7-form-control-wrap\" data-name=\"Sujet\"><select class=\"wpcf7-form-control wpcf7-select wpcf7-validates-as-required\" aria-required=\"true\" aria-invalid=\"false\" name=\"Sujet\"><option value=\"Portal du CMRRA Direct\">Portal du CMRRA Direct<\/option><option value=\"Portail des \u0153uvres n\u2019ayant pas fait l\u2019objet de r\u00e9clamations\">Portail des \u0153uvres n\u2019ayant pas fait l\u2019objet de r\u00e9clamations<\/option><option value=\"Portail des \u0153uvres non r\u00e9clam\u00e9es\">Portail des \u0153uvres non r\u00e9clam\u00e9es<\/option><option value=\"Demandes reconventionnelles \/ Litiges de droit d&#039;auteur\">Demandes reconventionnelles \/ Litiges de droit d&#039;auteur<\/option><option value=\"Distribution des redevances\">Distribution des redevances<\/option><option value=\"Enregistrement d&#039;oeuvres\">Enregistrement d&#039;oeuvres<\/option><option value=\"Enregistrement d&#039;oeuvres communes (CWR)\">Enregistrement d&#039;oeuvres communes (CWR)<\/option><option value=\"Imports et exports\">Imports et exports<\/option><option value=\"Joindre CMRRA\">Joindre CMRRA<\/option><option value=\"Licences m\u00e9caniques major\">Licences m\u00e9caniques major<\/option><option value=\"Licences m\u00e9caniques producteurs ind\u00e9pendants\">Licences m\u00e9caniques producteurs ind\u00e9pendants<\/option><option value=\"Payer \u00e0 la fabriquation\/importation\">Payer \u00e0 la fabriquation\/importation<\/option><option value=\"R\u00e9clamations YouTube\">R\u00e9clamations YouTube<\/option><option value=\"Services aux membres\">Services aux membres<\/option><option value=\"T\u00e9l\u00e9chargement et transmission de musique en ligne\">T\u00e9l\u00e9chargement et transmission de musique en ligne<\/option><option value=\"Commentaires sur l&#039;accessibilit\u00e9\">Commentaires sur l&#039;accessibilit\u00e9<\/option><option value=\"Autres\">Autres<\/option><\/select><\/span><\/label>\n<\/p>\n<p><label> Message:<br \/>\n<span class=\"wpcf7-form-control-wrap\" data-name=\"your-message\"><textarea cols=\"40\" rows=\"10\" maxlength=\"2000\" class=\"wpcf7-form-control wpcf7-textarea\" aria-invalid=\"false\" name=\"your-message\"><\/textarea><\/span> <\/label>\n<\/p>\n<p><input class=\"wpcf7-form-control wpcf7-submit has-spinner\" type=\"submit\" value=\"Submit\" \/>\n<\/p><p style=\"display: none !important;\" class=\"akismet-fields-container\" data-prefix=\"_wpcf7_ak_\"><label>&#916;<textarea name=\"_wpcf7_ak_hp_textarea\" cols=\"45\" rows=\"8\" maxlength=\"100\"><\/textarea><\/label><input type=\"hidden\" id=\"ak_js_1\" name=\"_wpcf7_ak_js\" value=\"29\"\/><script>document.getElementById( \"ak_js_1\" ).setAttribute( \"value\", ( new Date() ).getTime() );<\/script><\/p><div class=\"wpcf7-response-output\" aria-hidden=\"true\"><\/div>\n<\/form>\n<\/div>\n[\/vc_column][\/vc_row]<\/p>\n<\/div>","protected":false},"excerpt":{"rendered":"<p>[vc_row row_height_percent=\u00a0\u00bb0&Prime; back_color=\u00a0\u00bbcolor-lxmt\u00a0\u00bb overlay_alpha=\u00a0\u00bb50&Prime; gutter_size=\u00a0\u00bb3&Prime; column_width_percent=\u00a0\u00bb100&Prime; shift_y=\u00a0\u00bb0&Prime; z_index=\u00a0\u00bb0&Prime; uncode_shortcode_id=\u00a0\u00bb101787&Prime; back_color_type=\u00a0\u00bbuncode-palette\u00a0\u00bb][vc_column width=\u00a0\u00bb1\/1&Prime;][\/vc_column][\/vc_row][vc_row row_height_percent=\u00a0\u00bb0&Prime; override_padding=\u00a0\u00bbyes\u00a0\u00bb h_padding=\u00a0\u00bb2&Prime; top_padding=\u00a0\u00bb5&Prime; bottom_padding=\u00a0\u00bb5&Prime; back_color=\u00a0\u00bbcolor-lxmt\u00a0\u00bb overlay_alpha=\u00a0\u00bb50&Prime; equal_height=\u00a0\u00bbyes\u00a0\u00bb gutter_size=\u00a0\u00bb4&Prime; [&hellip;]<\/p>\n","protected":false},"author":5,"featured_media":0,"parent":0,"menu_order":0,"comment_status":"closed","ping_status":"closed","template":"","meta":{"footnotes":""},"class_list":["post-146875","page","type-page","status-publish","hentry"],"yoast_head":"<!-- This site is optimized with the Yoast SEO plugin v26.8 - https:\/\/yoast.com\/product\/yoast-seo-wordpress\/ -->\n<title>Nous joindre - CMRRA<\/title>\n<meta name=\"robots\" content=\"index, follow, max-snippet:-1, max-image-preview:large, max-video-preview:-1\" \/>\n<link rel=\"canonical\" href=\"https:\/\/cmrra.ca\/fr\/contact\/\" \/>\n<meta property=\"og:locale\" content=\"fr_FR\" \/>\n<meta property=\"og:type\" content=\"article\" \/>\n<meta property=\"og:title\" content=\"Nous joindre - CMRRA\" \/>\n<meta property=\"og:description\" content=\"[vc_row row_height_percent=\u00a0\u00bb0&Prime; back_color=\u00a0\u00bbcolor-lxmt\u00a0\u00bb overlay_alpha=\u00a0\u00bb50&Prime; gutter_size=\u00a0\u00bb3&Prime; column_width_percent=\u00a0\u00bb100&Prime; shift_y=\u00a0\u00bb0&Prime; z_index=\u00a0\u00bb0&Prime; uncode_shortcode_id=\u00a0\u00bb101787&Prime; back_color_type=\u00a0\u00bbuncode-palette\u00a0\u00bb][vc_column width=\u00a0\u00bb1\/1&Prime;][\/vc_column][\/vc_row][vc_row row_height_percent=\u00a0\u00bb0&Prime; override_padding=\u00a0\u00bbyes\u00a0\u00bb h_padding=\u00a0\u00bb2&Prime; top_padding=\u00a0\u00bb5&Prime; bottom_padding=\u00a0\u00bb5&Prime; back_color=\u00a0\u00bbcolor-lxmt\u00a0\u00bb overlay_alpha=\u00a0\u00bb50&Prime; equal_height=\u00a0\u00bbyes\u00a0\u00bb gutter_size=\u00a0\u00bb4&Prime; [&hellip;]\" \/>\n<meta property=\"og:url\" content=\"https:\/\/cmrra.ca\/fr\/contact\/\" \/>\n<meta property=\"og:site_name\" content=\"CMRRA\" \/>\n<meta property=\"article:publisher\" content=\"https:\/\/www.facebook.com\/CMRRA\/\" \/>\n<meta property=\"article:modified_time\" content=\"2025-12-03T21:32:25+00:00\" \/>\n<meta name=\"twitter:card\" content=\"summary_large_image\" \/>\n<meta name=\"twitter:label1\" content=\"Est. reading time\" \/>\n\t<meta name=\"twitter:data1\" content=\"2 minutes\" \/>\n<script type=\"application\/ld+json\" class=\"yoast-schema-graph\">{\"@context\":\"https:\/\/schema.org\",\"@graph\":[{\"@type\":\"WebPage\",\"@id\":\"https:\/\/cmrra.ca\/fr\/contact\/\",\"url\":\"https:\/\/cmrra.ca\/fr\/contact\/\",\"name\":\"Nous joindre - CMRRA\",\"isPartOf\":{\"@id\":\"https:\/\/cmrra.ca\/fr\/#website\"},\"datePublished\":\"2025-11-26T21:09:54+00:00\",\"dateModified\":\"2025-12-03T21:32:25+00:00\",\"breadcrumb\":{\"@id\":\"https:\/\/cmrra.ca\/fr\/contact\/#breadcrumb\"},\"inLanguage\":\"fr-FR\",\"potentialAction\":[{\"@type\":\"ReadAction\",\"target\":[\"https:\/\/cmrra.ca\/fr\/contact\/\"]}]},{\"@type\":\"BreadcrumbList\",\"@id\":\"https:\/\/cmrra.ca\/fr\/contact\/#breadcrumb\",\"itemListElement\":[{\"@type\":\"ListItem\",\"position\":1,\"name\":\"Home\",\"item\":\"https:\/\/www.cmrra.ca\/fr\/\"},{\"@type\":\"ListItem\",\"position\":2,\"name\":\"Nous joindre\"}]},{\"@type\":\"WebSite\",\"@id\":\"https:\/\/cmrra.ca\/fr\/#website\",\"url\":\"https:\/\/cmrra.ca\/fr\/\",\"name\":\"CMRRA\",\"description\":\"Canadian Music Reproduction Rights Agency\",\"publisher\":{\"@id\":\"https:\/\/cmrra.ca\/fr\/#organization\"},\"potentialAction\":[{\"@type\":\"SearchAction\",\"target\":{\"@type\":\"EntryPoint\",\"urlTemplate\":\"https:\/\/cmrra.ca\/fr\/?s={search_term_string}\"},\"query-input\":{\"@type\":\"PropertyValueSpecification\",\"valueRequired\":true,\"valueName\":\"search_term_string\"}}],\"inLanguage\":\"fr-FR\"},{\"@type\":\"Organization\",\"@id\":\"https:\/\/cmrra.ca\/fr\/#organization\",\"name\":\"Canadian Musical Reproduction Rights Agency\",\"url\":\"https:\/\/cmrra.ca\/fr\/\",\"logo\":{\"@type\":\"ImageObject\",\"inLanguage\":\"fr-FR\",\"@id\":\"https:\/\/cmrra.ca\/fr\/#\/schema\/logo\/image\/\",\"url\":\"https:\/\/ffb593fef5b9e79625346b2de7667ac0\/wp-content\/uploads\/2025\/12\/cmrra-logo-50th-square.jpg\",\"contentUrl\":\"https:\/\/ffb593fef5b9e79625346b2de7667ac0\/wp-content\/uploads\/2025\/12\/cmrra-logo-50th-square.jpg\",\"width\":696,\"height\":696,\"caption\":\"Canadian Musical Reproduction Rights Agency\"},\"image\":{\"@id\":\"https:\/\/cmrra.ca\/fr\/#\/schema\/logo\/image\/\"},\"sameAs\":[\"https:\/\/www.facebook.com\/CMRRA\/\"]}]}<\/script>\n<!-- \/ Yoast SEO plugin. -->","yoast_head_json":{"title":"Nous joindre - CMRRA","robots":{"index":"index","follow":"follow","max-snippet":"max-snippet:-1","max-image-preview":"max-image-preview:large","max-video-preview":"max-video-preview:-1"},"canonical":"https:\/\/cmrra.ca\/fr\/contact\/","og_locale":"fr_FR","og_type":"article","og_title":"Nous joindre - CMRRA","og_description":"[vc_row row_height_percent=\u00a0\u00bb0&Prime; back_color=\u00a0\u00bbcolor-lxmt\u00a0\u00bb overlay_alpha=\u00a0\u00bb50&Prime; gutter_size=\u00a0\u00bb3&Prime; column_width_percent=\u00a0\u00bb100&Prime; shift_y=\u00a0\u00bb0&Prime; z_index=\u00a0\u00bb0&Prime; uncode_shortcode_id=\u00a0\u00bb101787&Prime; back_color_type=\u00a0\u00bbuncode-palette\u00a0\u00bb][vc_column width=\u00a0\u00bb1\/1&Prime;][\/vc_column][\/vc_row][vc_row row_height_percent=\u00a0\u00bb0&Prime; override_padding=\u00a0\u00bbyes\u00a0\u00bb h_padding=\u00a0\u00bb2&Prime; top_padding=\u00a0\u00bb5&Prime; bottom_padding=\u00a0\u00bb5&Prime; back_color=\u00a0\u00bbcolor-lxmt\u00a0\u00bb overlay_alpha=\u00a0\u00bb50&Prime; equal_height=\u00a0\u00bbyes\u00a0\u00bb gutter_size=\u00a0\u00bb4&Prime; [&hellip;]","og_url":"https:\/\/cmrra.ca\/fr\/contact\/","og_site_name":"CMRRA","article_publisher":"https:\/\/www.facebook.com\/CMRRA\/","article_modified_time":"2025-12-03T21:32:25+00:00","twitter_card":"summary_large_image","twitter_misc":{"Est. reading time":"2 minutes"},"schema":{"@context":"https:\/\/schema.org","@graph":[{"@type":"WebPage","@id":"https:\/\/cmrra.ca\/fr\/contact\/","url":"https:\/\/cmrra.ca\/fr\/contact\/","name":"Nous joindre - CMRRA","isPartOf":{"@id":"https:\/\/cmrra.ca\/fr\/#website"},"datePublished":"2025-11-26T21:09:54+00:00","dateModified":"2025-12-03T21:32:25+00:00","breadcrumb":{"@id":"https:\/\/cmrra.ca\/fr\/contact\/#breadcrumb"},"inLanguage":"fr-FR","potentialAction":[{"@type":"ReadAction","target":["https:\/\/cmrra.ca\/fr\/contact\/"]}]},{"@type":"BreadcrumbList","@id":"https:\/\/cmrra.ca\/fr\/contact\/#breadcrumb","itemListElement":[{"@type":"ListItem","position":1,"name":"Home","item":"https:\/\/www.cmrra.ca\/fr\/"},{"@type":"ListItem","position":2,"name":"Nous joindre"}]},{"@type":"WebSite","@id":"https:\/\/cmrra.ca\/fr\/#website","url":"https:\/\/cmrra.ca\/fr\/","name":"CMRRA","description":"Canadian Music Reproduction Rights Agency","publisher":{"@id":"https:\/\/cmrra.ca\/fr\/#organization"},"potentialAction":[{"@type":"SearchAction","target":{"@type":"EntryPoint","urlTemplate":"https:\/\/cmrra.ca\/fr\/?s={search_term_string}"},"query-input":{"@type":"PropertyValueSpecification","valueRequired":true,"valueName":"search_term_string"}}],"inLanguage":"fr-FR"},{"@type":"Organization","@id":"https:\/\/cmrra.ca\/fr\/#organization","name":"Canadian Musical Reproduction Rights Agency","url":"https:\/\/cmrra.ca\/fr\/","logo":{"@type":"ImageObject","inLanguage":"fr-FR","@id":"https:\/\/cmrra.ca\/fr\/#\/schema\/logo\/image\/","url":"https:\/\/ffb593fef5b9e79625346b2de7667ac0\/wp-content\/uploads\/2025\/12\/cmrra-logo-50th-square.jpg","contentUrl":"https:\/\/ffb593fef5b9e79625346b2de7667ac0\/wp-content\/uploads\/2025\/12\/cmrra-logo-50th-square.jpg","width":696,"height":696,"caption":"Canadian Musical Reproduction Rights Agency"},"image":{"@id":"https:\/\/cmrra.ca\/fr\/#\/schema\/logo\/image\/"},"sameAs":["https:\/\/www.facebook.com\/CMRRA\/"]}]}},"featured_image_src":null,"featured_image_src_square":null,"_links":{"self":[{"href":"https:\/\/cmrra.ca\/fr\/wp-json\/wp\/v2\/pages\/146875","targetHints":{"allow":["GET"]}}],"collection":[{"href":"https:\/\/cmrra.ca\/fr\/wp-json\/wp\/v2\/pages"}],"about":[{"href":"https:\/\/cmrra.ca\/fr\/wp-json\/wp\/v2\/types\/page"}],"author":[{"embeddable":true,"href":"https:\/\/cmrra.ca\/fr\/wp-json\/wp\/v2\/users\/5"}],"replies":[{"embeddable":true,"href":"https:\/\/cmrra.ca\/fr\/wp-json\/wp\/v2\/comments?post=146875"}],"version-history":[{"count":0,"href":"https:\/\/cmrra.ca\/fr\/wp-json\/wp\/v2\/pages\/146875\/revisions"}],"wp:attachment":[{"href":"https:\/\/cmrra.ca\/fr\/wp-json\/wp\/v2\/media?parent=146875"}],"curies":[{"name":"wp","href":"https:\/\/api.w.org\/{rel}","templated":true}]}}